{"id":349,"date":"2025-08-05T21:25:34","date_gmt":"2025-08-05T21:25:34","guid":{"rendered":"https:\/\/pantallasled5g.com\/?page_id=349"},"modified":"2025-08-09T05:13:05","modified_gmt":"2025-08-09T05:13:05","slug":"redpetroil","status":"publish","type":"page","link":"https:\/\/pantallasled5g.com\/index.php\/redpetroil\/","title":{"rendered":"Redpetroil"},"content":{"rendered":"\n<div class=\"wp-block-group alignfull\"><div class=\"wp-block-group__inner-container is-layout-constrained wp-block-group-is-layout-constrained\">\n<div class=\"wp-block-cover alignfull is-light\" style=\"padding-top:var(--wp--preset--spacing--30);padding-right:var(--wp--preset--spacing--30);padding-bottom:var(--wp--preset--spacing--30);padding-left:var(--wp--preset--spacing--30);min-height:368px;aspect-ratio:unset;\"><video class=\"wp-block-cover__video-background intrinsic-ignore\" autoplay muted loop playsinline src=\"https:\/\/pantallasled5g.com\/wp-content\/uploads\/2025\/08\/petroil1.mp4\" style=\"object-position:51% 49%\" data-object-fit=\"cover\" data-object-position=\"51% 49%\"><\/video><span aria-hidden=\"true\" class=\"wp-block-cover__background has-black-background-color has-background-dim\"><\/span><div class=\"wp-block-cover__inner-container is-layout-flow wp-block-cover-is-layout-flow\">\n<div style=\"height:191px\" aria-hidden=\"true\" class=\"wp-block-spacer\"><\/div>\n<\/div><\/div>\n<\/div><\/div>\n\n\n\n<div class=\"wp-block-group alignfull is-content-justification-center\" style=\"margin-top:0;margin-bottom:0\"><div class=\"wp-block-group__inner-container is-layout-constrained wp-block-group-is-layout-constrained\">\n<div class=\"wp-block-group alignwide\"><div class=\"wp-block-group__inner-container is-layout-flow wp-block-group-is-layout-flow\">\n<div style=\"height:23px\" aria-hidden=\"true\" class=\"wp-block-spacer\"><\/div>\n\n\n\n<h2 class=\"wp-block-heading\"><mark style=\"background-color:var(--nv-primary-accent)\" class=\"has-inline-color has-nv-site-bg-color\">RedPtroil brilla con nuestra pantalla LED 5G | Publicidad de alto impacto<\/mark><\/h2>\n\n\n\n<p>Pantalla LED exterior de alta definici\u00f3n que capta atenci\u00f3n desde lejos. Comprueba c\u00f3mo esta soluci\u00f3n: <\/p>\n\n\n\n<div class=\"wp-block-columns is-layout-flex wp-container-core-columns-is-layout-9d6595d7 wp-block-columns-is-layout-flex\">\n<div class=\"wp-block-column is-layout-flow wp-block-column-is-layout-flow\"><div class=\"wp-block-image\">\n<figure class=\"aligncenter size-full is-resized\"><img loading=\"lazy\" decoding=\"async\" width=\"500\" height=\"500\" src=\"https:\/\/pantallasled5g.com\/wp-content\/uploads\/2025\/08\/9.png\" alt=\"\" class=\"wp-image-527\" style=\"width:158px;height:auto\" srcset=\"https:\/\/pantallasled5g.com\/wp-content\/uploads\/2025\/08\/9.png 500w, https:\/\/pantallasled5g.com\/wp-content\/uploads\/2025\/08\/9-300x300.png 300w, https:\/\/pantallasled5g.com\/wp-content\/uploads\/2025\/08\/9-150x150.png 150w\" sizes=\"auto, (max-width: 500px) 100vw, 500px\" \/><\/figure>\n<\/div><\/div>\n\n\n\n<div class=\"wp-block-column is-layout-flow wp-block-column-is-layout-flow\"><div class=\"wp-block-image\">\n<figure class=\"aligncenter size-full is-resized\"><img loading=\"lazy\" decoding=\"async\" width=\"500\" height=\"500\" src=\"https:\/\/pantallasled5g.com\/wp-content\/uploads\/2025\/08\/8.png\" alt=\"\" class=\"wp-image-528\" style=\"width:158px;height:auto\" srcset=\"https:\/\/pantallasled5g.com\/wp-content\/uploads\/2025\/08\/8.png 500w, https:\/\/pantallasled5g.com\/wp-content\/uploads\/2025\/08\/8-300x300.png 300w, https:\/\/pantallasled5g.com\/wp-content\/uploads\/2025\/08\/8-150x150.png 150w\" sizes=\"auto, (max-width: 500px) 100vw, 500px\" \/><\/figure>\n<\/div><\/div>\n\n\n\n<div class=\"wp-block-column is-layout-flow wp-block-column-is-layout-flow\"><div class=\"wp-block-image\">\n<figure class=\"aligncenter size-full is-resized\"><img loading=\"lazy\" decoding=\"async\" width=\"500\" height=\"500\" src=\"https:\/\/pantallasled5g.com\/wp-content\/uploads\/2025\/08\/7.png\" alt=\"\" class=\"wp-image-529\" style=\"width:160px;height:auto\" srcset=\"https:\/\/pantallasled5g.com\/wp-content\/uploads\/2025\/08\/7.png 500w, https:\/\/pantallasled5g.com\/wp-content\/uploads\/2025\/08\/7-300x300.png 300w, https:\/\/pantallasled5g.com\/wp-content\/uploads\/2025\/08\/7-150x150.png 150w\" sizes=\"auto, (max-width: 500px) 100vw, 500px\" \/><\/figure>\n<\/div><\/div>\n<\/div>\n\n\n\n<figure class=\"wp-block-embed is-type-video is-provider-youtube wp-block-embed-youtube wp-embed-aspect-16-9 wp-has-aspect-ratio\"><div class=\"wp-block-embed__wrapper\">\n<div class=\"nv-iframe-embed\"><iframe loading=\"lazy\" title=\"RedPtroil brilla con nuestra pantalla LED 5G | Publicidad de alto impacto\" width=\"1200\" height=\"675\" src=\"https:\/\/www.youtube.com\/embed\/b-dX2-MUzf0?feature=oembed\" frameborder=\"0\" allow=\"accelerometer; autoplay; clipboard-write; encrypted-media; gyroscope; picture-in-picture; web-share\" referrerpolicy=\"strict-origin-when-cross-origin\" allowfullscreen><\/iframe><\/div>\n<\/div><\/figure>\n<\/div><\/div>\n\n\n\n<div style=\"height:13px\" aria-hidden=\"true\" class=\"wp-block-spacer\"><\/div>\n\n\n\n<blockquote class=\"wp-block-quote alignwide is-style-default is-layout-flow wp-block-quote-is-layout-flow\">\n<p>Ya sea para destacar&nbsp;<strong>ofertas de combustible<\/strong>,&nbsp;<strong>promociones en tienda<\/strong>, o&nbsp;<strong>campa\u00f1as de marca<\/strong>, nuestras soluciones LED est\u00e1n dise\u00f1adas para generar impacto en&nbsp;<strong>zonas de alto flujo vehicular y peatonal<\/strong>.<\/p>\n<\/blockquote>\n<\/div><\/div>\n\n\n\n<div class=\"wp-block-cover alignfull\" style=\"padding-top:4vw;padding-right:4vw;padding-bottom:4vw;padding-left:4vw;min-height:66vh;aspect-ratio:unset;\"><span aria-hidden=\"true\" class=\"wp-block-cover__background has-nv-site-bg-background-color has-background-dim-100 has-background-dim\"><\/span><div class=\"wp-block-cover__inner-container is-layout-flow wp-block-cover-is-layout-flow\">\n<div class=\"wp-block-group is-content-justification-center is-nowrap is-layout-flex wp-container-core-group-is-layout-dbad4144 wp-block-group-is-layout-flex\">\n<figure class=\"wp-block-image size-full\"><img loading=\"lazy\" decoding=\"async\" width=\"768\" height=\"1024\" src=\"https:\/\/pantallasled5g.com\/wp-content\/uploads\/2025\/08\/64AE31F8-8787-47CA-B957-EE26A7CC1E1A.jpeg\" alt=\"\" class=\"wp-image-509\" srcset=\"https:\/\/pantallasled5g.com\/wp-content\/uploads\/2025\/08\/64AE31F8-8787-47CA-B957-EE26A7CC1E1A.jpeg 768w, https:\/\/pantallasled5g.com\/wp-content\/uploads\/2025\/08\/64AE31F8-8787-47CA-B957-EE26A7CC1E1A-225x300.jpeg 225w\" sizes=\"auto, (max-width: 768px) 100vw, 768px\" \/><\/figure>\n\n\n\n<figure class=\"wp-block-image size-full has-custom-border\"><img loading=\"lazy\" decoding=\"async\" width=\"768\" height=\"1024\" src=\"https:\/\/pantallasled5g.com\/wp-content\/uploads\/2025\/08\/BFD5B4A4-33CC-47A0-9AAA-788E6812FC7B_1_105_c.jpeg\" alt=\"\" class=\"wp-image-503\" style=\"border-style:none;border-width:0px;border-radius:0px\" srcset=\"https:\/\/pantallasled5g.com\/wp-content\/uploads\/2025\/08\/BFD5B4A4-33CC-47A0-9AAA-788E6812FC7B_1_105_c.jpeg 768w, https:\/\/pantallasled5g.com\/wp-content\/uploads\/2025\/08\/BFD5B4A4-33CC-47A0-9AAA-788E6812FC7B_1_105_c-225x300.jpeg 225w\" sizes=\"auto, (max-width: 768px) 100vw, 768px\" \/><\/figure>\n<\/div>\n<\/div><\/div>\n\n\n\n<div class=\"wp-block-group alignfull has-contrast-color has-text-color is-vertical is-content-justification-center is-layout-flex wp-container-core-group-is-layout-f1198d31 wp-block-group-is-layout-flex\" style=\"min-height:40vh;margin-top:0;margin-bottom:0;padding-top:var(--wp--preset--spacing--60);padding-right:var(--wp--preset--spacing--50);padding-bottom:var(--wp--preset--spacing--60);padding-left:var(--wp--preset--spacing--50)\"><div style=\"margin-bottom:6px;\" class=\"is-default-size aligncenter wp-block-site-logo\"><a href=\"https:\/\/pantallasled5g.com\/\" class=\"custom-logo-link\" rel=\"home\"><img loading=\"lazy\" decoding=\"async\" width=\"512\" height=\"512\" src=\"https:\/\/pantallasled5g.com\/wp-content\/uploads\/2025\/07\/cropped-LOGO-PAGINA-1.png\" class=\"custom-logo\" alt=\"Panalasled5G\" srcset=\"https:\/\/pantallasled5g.com\/wp-content\/uploads\/2025\/07\/cropped-LOGO-PAGINA-1.png 512w, https:\/\/pantallasled5g.com\/wp-content\/uploads\/2025\/07\/cropped-LOGO-PAGINA-1-300x300.png 300w, https:\/\/pantallasled5g.com\/wp-content\/uploads\/2025\/07\/cropped-LOGO-PAGINA-1-150x150.png 150w, https:\/\/pantallasled5g.com\/wp-content\/uploads\/2025\/07\/cropped-LOGO-PAGINA-1-270x270.png 270w, https:\/\/pantallasled5g.com\/wp-content\/uploads\/2025\/07\/cropped-LOGO-PAGINA-1-192x192.png 192w, https:\/\/pantallasled5g.com\/wp-content\/uploads\/2025\/07\/cropped-LOGO-PAGINA-1-180x180.png 180w, https:\/\/pantallasled5g.com\/wp-content\/uploads\/2025\/07\/cropped-LOGO-PAGINA-1-32x32.png 32w\" sizes=\"auto, (max-width: 512px) 100vw, 512px\" \/><\/a><\/div>\n\n\n<div class=\"wp-block-buttons is-layout-flex wp-block-buttons-is-layout-flex\">\n<div class=\"wp-block-button\"><a class=\"wp-block-button__link wp-element-button\" href=\"https:\/\/pantallasled5g.com\/index.php\/contact\/\">CONTACTO<\/a><\/div>\n<\/div>\n<\/div>\n\n\n\n<p><\/p>\n","protected":false},"excerpt":{"rendered":"<p>RedPtroil brilla con nuestra pantalla LED 5G | Publicidad de alto impacto Pantalla LED exterior de alta definici\u00f3n que capta atenci\u00f3n desde lejos. Comprueba c\u00f3mo esta soluci\u00f3n: Ya sea para destacar&nbsp;ofertas de combustible,&nbsp;promociones en tienda, o&nbsp;campa\u00f1as de marca, nuestras soluciones LED est\u00e1n dise\u00f1adas para generar impacto en&nbsp;zonas de alto flujo vehicular y peatonal.<\/p>\n","protected":false},"author":1,"featured_media":0,"parent":0,"menu_order":0,"comment_status":"closed","ping_status":"closed","template":"","meta":{"neve_meta_sidebar":"","neve_meta_container":"","neve_meta_enable_content_width":"","neve_meta_content_width":0,"neve_meta_title_alignment":"","neve_meta_author_avatar":"","neve_post_elements_order":"","neve_meta_disable_header":"","neve_meta_disable_footer":"","neve_meta_disable_title":"","neve_meta_reading_time":"","_joinchat":[],"footnotes":""},"class_list":["post-349","page","type-page","status-publish","hentry"],"_links":{"self":[{"href":"https:\/\/pantallasled5g.com\/index.php\/wp-json\/wp\/v2\/pages\/349","targetHints":{"allow":["GET"]}}],"collection":[{"href":"https:\/\/pantallasled5g.com\/index.php\/wp-json\/wp\/v2\/pages"}],"about":[{"href":"https:\/\/pantallasled5g.com\/index.php\/wp-json\/wp\/v2\/types\/page"}],"author":[{"embeddable":true,"href":"https:\/\/pantallasled5g.com\/index.php\/wp-json\/wp\/v2\/users\/1"}],"replies":[{"embeddable":true,"href":"https:\/\/pantallasled5g.com\/index.php\/wp-json\/wp\/v2\/comments?post=349"}],"version-history":[{"count":29,"href":"https:\/\/pantallasled5g.com\/index.php\/wp-json\/wp\/v2\/pages\/349\/revisions"}],"predecessor-version":[{"id":569,"href":"https:\/\/pantallasled5g.com\/index.php\/wp-json\/wp\/v2\/pages\/349\/revisions\/569"}],"wp:attachment":[{"href":"https:\/\/pantallasled5g.com\/index.php\/wp-json\/wp\/v2\/media?parent=349"}],"curies":[{"name":"wp","href":"https:\/\/api.w.org\/{rel}","templated":true}]}}