{"id":319,"date":"2025-08-05T21:10:09","date_gmt":"2025-08-05T21:10:09","guid":{"rendered":"https:\/\/pantallasled5g.com\/?page_id=319"},"modified":"2025-08-11T23:49:16","modified_gmt":"2025-08-11T23:49:16","slug":"panama-restaurantes-y-pasteleria","status":"publish","type":"page","link":"https:\/\/pantallasled5g.com\/index.php\/panama-restaurantes-y-pasteleria\/","title":{"rendered":"Panam\u00e1 Restaurantes y pasteler\u00eda"},"content":{"rendered":"\n<div class=\"wp-block-group alignfull\"><div class=\"wp-block-group__inner-container is-layout-constrained wp-block-group-is-layout-constrained\"><\/div><\/div>\n\n\n\n<p>Transforma la experiencia de tus clientes con nuestras pantallas LED de alta resoluci\u00f3n, ideales para restaurantes y pasteler\u00edas en Panam\u00e1. Ofrecemos soluciones personalizadas para publicidad, men\u00fas digitales y se\u00f1alizaci\u00f3n interactiva, elevando la visibilidad y atractivo de tu negocio. Cont\u00e1ctanos para m\u00e1s informaci\u00f3n y cotizaciones<\/p>\n\n\n\n<div class=\"wp-block-columns is-layout-flex wp-container-core-columns-is-layout-9d6595d7 wp-block-columns-is-layout-flex\">\n<div class=\"wp-block-column is-layout-flow wp-block-column-is-layout-flow\">\n<figure class=\"wp-block-video\"><video height=\"1080\" style=\"aspect-ratio: 608 \/ 1080;\" width=\"608\" autoplay loop muted src=\"https:\/\/pantallasled5g.com\/wp-content\/uploads\/2025\/08\/videomr1-1.mp4\" playsinline><\/video><\/figure>\n\n\n\n<div style=\"height:15px\" aria-hidden=\"true\" class=\"wp-block-spacer\"><\/div>\n\n\n\n<figure class=\"wp-block-video\"><video height=\"1080\" style=\"aspect-ratio: 608 \/ 1080;\" width=\"608\" autoplay loop muted src=\"https:\/\/pantallasled5g.com\/wp-content\/uploads\/2025\/08\/pantalla-exterior-panama.mp4\" playsinline><\/video><\/figure>\n\n\n\n<p>Ideal para promociones, men\u00fas digitales y branding, esta soluci\u00f3n de se\u00f1alizaci\u00f3n digital ofrece visibilidad 24\/7, incluso bajo la luz solar directa.\u00a0Explora c\u00f3mo esta tecnolog\u00eda puede revolucionar la presencia de tu negocio en espacios urbanos.<\/p>\n<\/div>\n\n\n\n<div class=\"wp-block-column is-vertically-aligned-center is-layout-flow wp-block-column-is-layout-flow\">\n<figure class=\"wp-block-image size-large\"><img loading=\"lazy\" decoding=\"async\" width=\"576\" height=\"1024\" src=\"https:\/\/pantallasled5g.com\/wp-content\/uploads\/2025\/08\/17-576x1024.jpg\" alt=\"\" class=\"wp-image-631\" srcset=\"https:\/\/pantallasled5g.com\/wp-content\/uploads\/2025\/08\/17-576x1024.jpg 576w, https:\/\/pantallasled5g.com\/wp-content\/uploads\/2025\/08\/17-169x300.jpg 169w, https:\/\/pantallasled5g.com\/wp-content\/uploads\/2025\/08\/17-768x1365.jpg 768w, https:\/\/pantallasled5g.com\/wp-content\/uploads\/2025\/08\/17-864x1536.jpg 864w, https:\/\/pantallasled5g.com\/wp-content\/uploads\/2025\/08\/17.jpg 1080w\" sizes=\"auto, (max-width: 576px) 100vw, 576px\" \/><\/figure>\n\n\n\n<div style=\"height:19px\" aria-hidden=\"true\" class=\"wp-block-spacer\"><\/div>\n\n\n\n<div class=\"wp-block-buttons is-content-justification-left is-layout-flex wp-container-core-buttons-is-layout-fdcfc74e wp-block-buttons-is-layout-flex\">\n<div class=\"wp-block-button is-style-primary\"><a class=\"wp-block-button__link wp-element-button\" href=\"https:\/\/pantallasled5g.com\/index.php\/contact\/\">cONTACTO<\/a><\/div>\n<\/div>\n<\/div>\n<\/div>\n\n\n\n<div class=\"wp-block-group alignfull has-contrast-color has-text-color is-vertical is-content-justification-center is-layout-flex wp-container-core-group-is-layout-f1198d31 wp-block-group-is-layout-flex\" style=\"min-height:40vh;margin-top:0;margin-bottom:0;padding-top:var(--wp--preset--spacing--60);padding-right:var(--wp--preset--spacing--50);padding-bottom:var(--wp--preset--spacing--60);padding-left:var(--wp--preset--spacing--50)\"><div style=\"margin-bottom:6px;\" class=\"is-default-size aligncenter wp-block-site-logo\"><a href=\"https:\/\/pantallasled5g.com\/\" class=\"custom-logo-link\" rel=\"home\"><img loading=\"lazy\" decoding=\"async\" width=\"512\" height=\"512\" src=\"https:\/\/pantallasled5g.com\/wp-content\/uploads\/2025\/07\/cropped-LOGO-PAGINA-1.png\" class=\"custom-logo\" alt=\"Panalasled5G\" srcset=\"https:\/\/pantallasled5g.com\/wp-content\/uploads\/2025\/07\/cropped-LOGO-PAGINA-1.png 512w, https:\/\/pantallasled5g.com\/wp-content\/uploads\/2025\/07\/cropped-LOGO-PAGINA-1-300x300.png 300w, https:\/\/pantallasled5g.com\/wp-content\/uploads\/2025\/07\/cropped-LOGO-PAGINA-1-150x150.png 150w, https:\/\/pantallasled5g.com\/wp-content\/uploads\/2025\/07\/cropped-LOGO-PAGINA-1-270x270.png 270w, https:\/\/pantallasled5g.com\/wp-content\/uploads\/2025\/07\/cropped-LOGO-PAGINA-1-192x192.png 192w, https:\/\/pantallasled5g.com\/wp-content\/uploads\/2025\/07\/cropped-LOGO-PAGINA-1-180x180.png 180w, https:\/\/pantallasled5g.com\/wp-content\/uploads\/2025\/07\/cropped-LOGO-PAGINA-1-32x32.png 32w\" sizes=\"auto, (max-width: 512px) 100vw, 512px\" \/><\/a><\/div><\/div>\n\n\n\n<p><\/p>\n","protected":false},"excerpt":{"rendered":"<p>Transforma la experiencia de tus clientes con nuestras pantallas LED de alta resoluci\u00f3n, ideales para restaurantes y pasteler\u00edas en Panam\u00e1. Ofrecemos soluciones personalizadas para publicidad, men\u00fas digitales y se\u00f1alizaci\u00f3n interactiva, elevando la visibilidad y atractivo de tu negocio. Cont\u00e1ctanos para m\u00e1s informaci\u00f3n y cotizaciones Ideal para promociones, men\u00fas digitales y branding, esta soluci\u00f3n de se\u00f1alizaci\u00f3n&hellip;&nbsp;<\/p>\n","protected":false},"author":1,"featured_media":0,"parent":0,"menu_order":0,"comment_status":"closed","ping_status":"closed","template":"","meta":{"neve_meta_sidebar":"","neve_meta_container":"","neve_meta_enable_content_width":"","neve_meta_content_width":0,"neve_meta_title_alignment":"","neve_meta_author_avatar":"","neve_post_elements_order":"","neve_meta_disable_header":"","neve_meta_disable_footer":"","neve_meta_disable_title":"","neve_meta_reading_time":"","_joinchat":[],"footnotes":""},"class_list":["post-319","page","type-page","status-publish","hentry"],"_links":{"self":[{"href":"https:\/\/pantallasled5g.com\/index.php\/wp-json\/wp\/v2\/pages\/319","targetHints":{"allow":["GET"]}}],"collection":[{"href":"https:\/\/pantallasled5g.com\/index.php\/wp-json\/wp\/v2\/pages"}],"about":[{"href":"https:\/\/pantallasled5g.com\/index.php\/wp-json\/wp\/v2\/types\/page"}],"author":[{"embeddable":true,"href":"https:\/\/pantallasled5g.com\/index.php\/wp-json\/wp\/v2\/users\/1"}],"replies":[{"embeddable":true,"href":"https:\/\/pantallasled5g.com\/index.php\/wp-json\/wp\/v2\/comments?post=319"}],"version-history":[{"count":18,"href":"https:\/\/pantallasled5g.com\/index.php\/wp-json\/wp\/v2\/pages\/319\/revisions"}],"predecessor-version":[{"id":658,"href":"https:\/\/pantallasled5g.com\/index.php\/wp-json\/wp\/v2\/pages\/319\/revisions\/658"}],"wp:attachment":[{"href":"https:\/\/pantallasled5g.com\/index.php\/wp-json\/wp\/v2\/media?parent=319"}],"curies":[{"name":"wp","href":"https:\/\/api.w.org\/{rel}","templated":true}]}}