{"id":316,"date":"2025-08-05T21:10:09","date_gmt":"2025-08-05T21:10:09","guid":{"rendered":"https:\/\/pantallasled5g.com\/?page_id=316"},"modified":"2025-08-06T06:35:57","modified_gmt":"2025-08-06T06:35:57","slug":"bimbo","status":"publish","type":"page","link":"https:\/\/pantallasled5g.com\/index.php\/bimbo\/","title":{"rendered":"Bimbo"},"content":{"rendered":"\n<div class=\"wp-block-group alignfull\"><div class=\"wp-block-group__inner-container is-layout-constrained wp-block-group-is-layout-constrained\">\n<div class=\"wp-block-cover alignfull\" style=\"margin-top:0;min-height:40vw;aspect-ratio:unset;\"><img loading=\"lazy\" decoding=\"async\" width=\"1024\" height=\"1024\" class=\"wp-block-cover__image-background wp-image-380 size-large\" alt=\"\" src=\"https:\/\/pantallasled5g.com\/wp-content\/uploads\/2025\/08\/CUBO-1024x1024.jpg\" style=\"object-position:54% 0%\" data-object-fit=\"cover\" data-object-position=\"54% 0%\" srcset=\"https:\/\/pantallasled5g.com\/wp-content\/uploads\/2025\/08\/CUBO-1024x1024.jpg 1024w, https:\/\/pantallasled5g.com\/wp-content\/uploads\/2025\/08\/CUBO-300x300.jpg 300w, https:\/\/pantallasled5g.com\/wp-content\/uploads\/2025\/08\/CUBO-150x150.jpg 150w, https:\/\/pantallasled5g.com\/wp-content\/uploads\/2025\/08\/CUBO-768x768.jpg 768w, https:\/\/pantallasled5g.com\/wp-content\/uploads\/2025\/08\/CUBO.jpg 1080w\" sizes=\"auto, (max-width: 1024px) 100vw, 1024px\" \/><span aria-hidden=\"true\" class=\"wp-block-cover__background has-nv-c-2-background-color has-background-dim-20 has-background-dim\"><\/span><div class=\"wp-block-cover__inner-container is-layout-flow wp-block-cover-is-layout-flow\">\n<div style=\"height:50px\" aria-hidden=\"true\" class=\"wp-block-spacer\"><\/div>\n<\/div><\/div>\n<\/div><\/div>\n\n\n\n<div style=\"height:26px\" aria-hidden=\"true\" class=\"wp-block-spacer\"><\/div>\n\n\n\n<h2 class=\"wp-block-heading\"><mark style=\"background-color:var(--nv-primary-accent)\" class=\"has-inline-color has-nv-site-bg-color\">Bimbo | Innovaci\u00f3n digital con Pantallas LED 5G<\/mark><\/h2>\n\n\n\n<div class=\"wp-block-cover alignfull\" style=\"padding-top:4vw;padding-right:4vw;padding-bottom:4vw;padding-left:4vw;min-height:50px;aspect-ratio:unset;\"><span aria-hidden=\"true\" class=\"wp-block-cover__background has-nv-site-bg-background-color has-background-dim-60 has-background-dim\"><\/span><div class=\"wp-block-cover__inner-container is-layout-flow wp-block-cover-is-layout-flow\">\n<div class=\"wp-block-group is-vertical is-content-justification-center is-layout-flex wp-container-core-group-is-layout-30b9b926 wp-block-group-is-layout-flex\">\n<figure class=\"wp-block-video\"><video height=\"352\" style=\"aspect-ratio: 640 \/ 352;\" width=\"640\" autoplay controls loop muted src=\"https:\/\/pantallasled5g.com\/wp-content\/uploads\/2025\/08\/cubo-bimbo.mp4\" playsinline><\/video><\/figure>\n\n\n\n<div class=\"wp-block-group is-vertical is-layout-flex wp-container-core-group-is-layout-8cf370e7 wp-block-group-is-layout-flex\">\n<p class=\"has-text-align-left\"><\/p>\n\n\n\n<p class=\"has-text-align-left has-neve-text-color-color has-text-color has-link-color wp-elements-0ecfc213b8a2e57bb4321f62660e9c9a\">A trav\u00e9s de la instalaci\u00f3n de\u00a0<strong>Cubos LED de alta resoluci\u00f3n<\/strong>\u00a0en ubicaciones estrat\u00e9gicas, Bimbo logra destacar sus productos de forma atractiva y din\u00e1mica, generando una conexi\u00f3n directa con el consumidor. Esta soluci\u00f3n permite captar la atenci\u00f3n en entornos competitivos y elevar la interacci\u00f3n visual, aline\u00e1ndose con los valores de innovaci\u00f3n de la marca.<\/p>\n\n\n\n<p class=\"has-neve-text-color-color has-text-color has-link-color wp-elements-9a1fa379725eb7ae499e4743bd36dae4\">Gracias a la\u00a0<strong>gesti\u00f3n remota del contenido<\/strong>, se pueden actualizar campa\u00f1as sin imprimir materiales f\u00edsicos ni desplazar personal, promoviendo un modelo sostenible sin residuos.<\/p>\n\n\n\n<p class=\"has-neve-text-color-color has-text-color has-link-color wp-elements-e4faf058c9eb19ddd04ce82a164bae0a\">Adem\u00e1s, esta implementaci\u00f3n no s\u00f3lo mejora la visibilidad del producto, sino que refuerza la percepci\u00f3n de <strong>Bimbo<\/strong> como una empresa l\u00edder en tecnolog\u00eda y marketing visual<\/p>\n<\/div>\n<\/div>\n<\/div><\/div>\n\n\n\n<div class=\"wp-block-group\"><div class=\"wp-block-group__inner-container is-layout-flow wp-block-group-is-layout-flow\">\n<figure class=\"wp-block-gallery has-nested-images columns-4 is-cropped wp-block-gallery-1 is-layout-flex wp-block-gallery-is-layout-flex\">\n<figure data-wp-context=\"{&quot;imageId&quot;:&quot;69e75ac08b0e5&quot;}\" data-wp-interactive=\"core\/image\" data-wp-key=\"69e75ac08b0e5\" class=\"wp-block-image size-large wp-lightbox-container\"><img loading=\"lazy\" decoding=\"async\" width=\"1024\" height=\"769\" data-wp-class--hide=\"state.isContentHidden\" data-wp-class--show=\"state.isContentVisible\" data-wp-init=\"callbacks.setButtonStyles\" data-wp-on--click=\"actions.showLightbox\" data-wp-on--load=\"callbacks.setButtonStyles\" data-wp-on-window--resize=\"callbacks.setButtonStyles\" data-id=\"426\" src=\"https:\/\/pantallasled5g.com\/wp-content\/uploads\/2025\/08\/bimbo2.jpeg\" alt=\"\" class=\"wp-image-426\" srcset=\"https:\/\/pantallasled5g.com\/wp-content\/uploads\/2025\/08\/bimbo2.jpeg 1024w, https:\/\/pantallasled5g.com\/wp-content\/uploads\/2025\/08\/bimbo2-300x225.jpeg 300w, https:\/\/pantallasled5g.com\/wp-content\/uploads\/2025\/08\/bimbo2-768x577.jpeg 768w\" sizes=\"auto, (max-width: 1024px) 100vw, 1024px\" \/><button\n\t\t\tclass=\"lightbox-trigger\"\n\t\t\ttype=\"button\"\n\t\t\taria-haspopup=\"dialog\"\n\t\t\taria-label=\"Agrandar\"\n\t\t\tdata-wp-init=\"callbacks.initTriggerButton\"\n\t\t\tdata-wp-on--click=\"actions.showLightbox\"\n\t\t\tdata-wp-style--right=\"state.imageButtonRight\"\n\t\t\tdata-wp-style--top=\"state.imageButtonTop\"\n\t\t>\n\t\t\t<svg xmlns=\"http:\/\/www.w3.org\/2000\/svg\" width=\"12\" height=\"12\" fill=\"none\" viewBox=\"0 0 12 12\">\n\t\t\t\t<path fill=\"#fff\" d=\"M2 0a2 2 0 0 0-2 2v2h1.5V2a.5.5 0 0 1 .5-.5h2V0H2Zm2 10.5H2a.5.5 0 0 1-.5-.5V8H0v2a2 2 0 0 0 2 2h2v-1.5ZM8 12v-1.5h2a.5.5 0 0 0 .5-.5V8H12v2a2 2 0 0 1-2 2H8Zm2-12a2 2 0 0 1 2 2v2h-1.5V2a.5.5 0 0 0-.5-.5H8V0h2Z\" \/>\n\t\t\t<\/svg>\n\t\t<\/button><\/figure>\n\n\n\n<figure data-wp-context=\"{&quot;imageId&quot;:&quot;69e75ac08b4d7&quot;}\" data-wp-interactive=\"core\/image\" data-wp-key=\"69e75ac08b4d7\" class=\"wp-block-image size-large wp-lightbox-container\"><img loading=\"lazy\" decoding=\"async\" width=\"352\" height=\"640\" data-wp-class--hide=\"state.isContentHidden\" data-wp-class--show=\"state.isContentVisible\" data-wp-init=\"callbacks.setButtonStyles\" data-wp-on--click=\"actions.showLightbox\" data-wp-on--load=\"callbacks.setButtonStyles\" data-wp-on-window--resize=\"callbacks.setButtonStyles\" data-id=\"427\" src=\"https:\/\/pantallasled5g.com\/wp-content\/uploads\/2025\/08\/bimbo3.jpeg\" alt=\"\" class=\"wp-image-427\" srcset=\"https:\/\/pantallasled5g.com\/wp-content\/uploads\/2025\/08\/bimbo3.jpeg 352w, https:\/\/pantallasled5g.com\/wp-content\/uploads\/2025\/08\/bimbo3-165x300.jpeg 165w\" sizes=\"auto, (max-width: 352px) 100vw, 352px\" \/><button\n\t\t\tclass=\"lightbox-trigger\"\n\t\t\ttype=\"button\"\n\t\t\taria-haspopup=\"dialog\"\n\t\t\taria-label=\"Agrandar\"\n\t\t\tdata-wp-init=\"callbacks.initTriggerButton\"\n\t\t\tdata-wp-on--click=\"actions.showLightbox\"\n\t\t\tdata-wp-style--right=\"state.imageButtonRight\"\n\t\t\tdata-wp-style--top=\"state.imageButtonTop\"\n\t\t>\n\t\t\t<svg xmlns=\"http:\/\/www.w3.org\/2000\/svg\" width=\"12\" height=\"12\" fill=\"none\" viewBox=\"0 0 12 12\">\n\t\t\t\t<path fill=\"#fff\" d=\"M2 0a2 2 0 0 0-2 2v2h1.5V2a.5.5 0 0 1 .5-.5h2V0H2Zm2 10.5H2a.5.5 0 0 1-.5-.5V8H0v2a2 2 0 0 0 2 2h2v-1.5ZM8 12v-1.5h2a.5.5 0 0 0 .5-.5V8H12v2a2 2 0 0 1-2 2H8Zm2-12a2 2 0 0 1 2 2v2h-1.5V2a.5.5 0 0 0-.5-.5H8V0h2Z\" \/>\n\t\t\t<\/svg>\n\t\t<\/button><\/figure>\n\n\n\n<figure data-wp-context=\"{&quot;imageId&quot;:&quot;69e75ac08b821&quot;}\" data-wp-interactive=\"core\/image\" data-wp-key=\"69e75ac08b821\" class=\"wp-block-image size-large wp-lightbox-container\"><img loading=\"lazy\" decoding=\"async\" width=\"576\" height=\"1024\" data-wp-class--hide=\"state.isContentHidden\" data-wp-class--show=\"state.isContentVisible\" data-wp-init=\"callbacks.setButtonStyles\" data-wp-on--click=\"actions.showLightbox\" data-wp-on--load=\"callbacks.setButtonStyles\" data-wp-on-window--resize=\"callbacks.setButtonStyles\" data-id=\"428\" src=\"https:\/\/pantallasled5g.com\/wp-content\/uploads\/2025\/08\/bimbo4-576x1024.jpeg\" alt=\"\" class=\"wp-image-428\" srcset=\"https:\/\/pantallasled5g.com\/wp-content\/uploads\/2025\/08\/bimbo4-576x1024.jpeg 576w, https:\/\/pantallasled5g.com\/wp-content\/uploads\/2025\/08\/bimbo4-169x300.jpeg 169w, https:\/\/pantallasled5g.com\/wp-content\/uploads\/2025\/08\/bimbo4.jpeg 665w\" sizes=\"auto, (max-width: 576px) 100vw, 576px\" \/><button\n\t\t\tclass=\"lightbox-trigger\"\n\t\t\ttype=\"button\"\n\t\t\taria-haspopup=\"dialog\"\n\t\t\taria-label=\"Agrandar\"\n\t\t\tdata-wp-init=\"callbacks.initTriggerButton\"\n\t\t\tdata-wp-on--click=\"actions.showLightbox\"\n\t\t\tdata-wp-style--right=\"state.imageButtonRight\"\n\t\t\tdata-wp-style--top=\"state.imageButtonTop\"\n\t\t>\n\t\t\t<svg xmlns=\"http:\/\/www.w3.org\/2000\/svg\" width=\"12\" height=\"12\" fill=\"none\" viewBox=\"0 0 12 12\">\n\t\t\t\t<path fill=\"#fff\" d=\"M2 0a2 2 0 0 0-2 2v2h1.5V2a.5.5 0 0 1 .5-.5h2V0H2Zm2 10.5H2a.5.5 0 0 1-.5-.5V8H0v2a2 2 0 0 0 2 2h2v-1.5ZM8 12v-1.5h2a.5.5 0 0 0 .5-.5V8H12v2a2 2 0 0 1-2 2H8Zm2-12a2 2 0 0 1 2 2v2h-1.5V2a.5.5 0 0 0-.5-.5H8V0h2Z\" \/>\n\t\t\t<\/svg>\n\t\t<\/button><\/figure>\n\n\n\n<figure data-wp-context=\"{&quot;imageId&quot;:&quot;69e75ac08bba7&quot;}\" data-wp-interactive=\"core\/image\" data-wp-key=\"69e75ac08bba7\" class=\"wp-block-image size-large wp-lightbox-container\"><img loading=\"lazy\" decoding=\"async\" width=\"576\" height=\"1024\" data-wp-class--hide=\"state.isContentHidden\" data-wp-class--show=\"state.isContentVisible\" data-wp-init=\"callbacks.setButtonStyles\" data-wp-on--click=\"actions.showLightbox\" data-wp-on--load=\"callbacks.setButtonStyles\" data-wp-on-window--resize=\"callbacks.setButtonStyles\" data-id=\"432\" src=\"https:\/\/pantallasled5g.com\/wp-content\/uploads\/2025\/08\/cubo-bimbo1-1-576x1024.jpg\" alt=\"\" class=\"wp-image-432\" srcset=\"https:\/\/pantallasled5g.com\/wp-content\/uploads\/2025\/08\/cubo-bimbo1-1-576x1024.jpg 576w, https:\/\/pantallasled5g.com\/wp-content\/uploads\/2025\/08\/cubo-bimbo1-1-169x300.jpg 169w, https:\/\/pantallasled5g.com\/wp-content\/uploads\/2025\/08\/cubo-bimbo1-1.jpg 720w\" sizes=\"auto, (max-width: 576px) 100vw, 576px\" \/><button\n\t\t\tclass=\"lightbox-trigger\"\n\t\t\ttype=\"button\"\n\t\t\taria-haspopup=\"dialog\"\n\t\t\taria-label=\"Agrandar\"\n\t\t\tdata-wp-init=\"callbacks.initTriggerButton\"\n\t\t\tdata-wp-on--click=\"actions.showLightbox\"\n\t\t\tdata-wp-style--right=\"state.imageButtonRight\"\n\t\t\tdata-wp-style--top=\"state.imageButtonTop\"\n\t\t>\n\t\t\t<svg xmlns=\"http:\/\/www.w3.org\/2000\/svg\" width=\"12\" height=\"12\" fill=\"none\" viewBox=\"0 0 12 12\">\n\t\t\t\t<path fill=\"#fff\" d=\"M2 0a2 2 0 0 0-2 2v2h1.5V2a.5.5 0 0 1 .5-.5h2V0H2Zm2 10.5H2a.5.5 0 0 1-.5-.5V8H0v2a2 2 0 0 0 2 2h2v-1.5ZM8 12v-1.5h2a.5.5 0 0 0 .5-.5V8H12v2a2 2 0 0 1-2 2H8Zm2-12a2 2 0 0 1 2 2v2h-1.5V2a.5.5 0 0 0-.5-.5H8V0h2Z\" \/>\n\t\t\t<\/svg>\n\t\t<\/button><\/figure>\n<\/figure>\n\n\n\n<div style=\"height:26px\" aria-hidden=\"true\" class=\"wp-block-spacer\"><\/div>\n<\/div><\/div>\n\n\n\n<div class=\"wp-block-columns is-layout-flex wp-container-core-columns-is-layout-9d6595d7 wp-block-columns-is-layout-flex\">\n<div class=\"wp-block-column is-layout-flow wp-block-column-is-layout-flow\">\n<figure class=\"wp-block-embed is-type-video is-provider-youtube wp-block-embed-youtube wp-embed-aspect-16-9 wp-has-aspect-ratio\"><div class=\"wp-block-embed__wrapper\">\n<div class=\"nv-iframe-embed\"><iframe loading=\"lazy\" title=\"As\u00ed transformamos la exhibici\u00f3n de Bimbo con pantallas LED 5G\" width=\"1200\" height=\"675\" src=\"https:\/\/www.youtube.com\/embed\/DlOW5iwWcx4?feature=oembed\" frameborder=\"0\" allow=\"accelerometer; autoplay; clipboard-write; encrypted-media; gyroscope; picture-in-picture; web-share\" referrerpolicy=\"strict-origin-when-cross-origin\" allowfullscreen><\/iframe><\/div>\n<\/div><\/figure>\n<\/div>\n\n\n\n<div class=\"wp-block-column is-vertically-aligned-center is-layout-flow wp-block-column-is-layout-flow\">\n<h2 class=\"wp-block-heading\"><mark style=\"background-color:var(--nv-primary-accent)\" class=\"has-inline-color has-nv-site-bg-color\">As\u00ed transformamos la exhibici\u00f3n de Bimbo con pantallas LED 5G\u00a0<\/mark><\/h2>\n\n\n\n<p>Una alianza estrat\u00e9gica que transforma exhibiciones tradicionales en experiencias visuales de alto impacto, potenciando la presencia de la marca Bimbo en puntos de venta clave.<\/p>\n\n\n\n<div class=\"wp-block-buttons is-layout-flex wp-block-buttons-is-layout-flex\">\n<div class=\"wp-block-button is-style-primary\"><a class=\"wp-block-button__link wp-element-button\">cotiza tu proyecto<\/a><\/div>\n<\/div>\n<\/div>\n<\/div>\n\n\n\n<div class=\"wp-block-group alignfull has-contrast-color has-text-color is-vertical is-content-justification-center is-layout-flex wp-container-core-group-is-layout-f1198d31 wp-block-group-is-layout-flex\" style=\"min-height:40vh;margin-top:0;margin-bottom:0;padding-top:var(--wp--preset--spacing--60);padding-right:var(--wp--preset--spacing--50);padding-bottom:var(--wp--preset--spacing--60);padding-left:var(--wp--preset--spacing--50)\"><div style=\"margin-bottom:6px;\" class=\"is-default-size aligncenter wp-block-site-logo\"><a href=\"https:\/\/pantallasled5g.com\/\" class=\"custom-logo-link\" rel=\"home\"><img loading=\"lazy\" decoding=\"async\" width=\"512\" height=\"512\" src=\"https:\/\/pantallasled5g.com\/wp-content\/uploads\/2025\/07\/cropped-LOGO-PAGINA-1.png\" class=\"custom-logo\" alt=\"Panalasled5G\" srcset=\"https:\/\/pantallasled5g.com\/wp-content\/uploads\/2025\/07\/cropped-LOGO-PAGINA-1.png 512w, https:\/\/pantallasled5g.com\/wp-content\/uploads\/2025\/07\/cropped-LOGO-PAGINA-1-300x300.png 300w, https:\/\/pantallasled5g.com\/wp-content\/uploads\/2025\/07\/cropped-LOGO-PAGINA-1-150x150.png 150w, https:\/\/pantallasled5g.com\/wp-content\/uploads\/2025\/07\/cropped-LOGO-PAGINA-1-270x270.png 270w, https:\/\/pantallasled5g.com\/wp-content\/uploads\/2025\/07\/cropped-LOGO-PAGINA-1-192x192.png 192w, https:\/\/pantallasled5g.com\/wp-content\/uploads\/2025\/07\/cropped-LOGO-PAGINA-1-180x180.png 180w, https:\/\/pantallasled5g.com\/wp-content\/uploads\/2025\/07\/cropped-LOGO-PAGINA-1-32x32.png 32w\" sizes=\"auto, (max-width: 512px) 100vw, 512px\" \/><\/a><\/div><\/div>\n\n\n\n<p><\/p>\n","protected":false},"excerpt":{"rendered":"<p>Bimbo | Innovaci\u00f3n digital con Pantallas LED 5G As\u00ed transformamos la exhibici\u00f3n de Bimbo con pantallas LED 5G\u00a0 Una alianza estrat\u00e9gica que transforma exhibiciones tradicionales en experiencias visuales de alto impacto, potenciando la presencia de la marca Bimbo en puntos de venta clave.<\/p>\n","protected":false},"author":1,"featured_media":0,"parent":0,"menu_order":0,"comment_status":"closed","ping_status":"closed","template":"","meta":{"neve_meta_sidebar":"","neve_meta_container":"","neve_meta_enable_content_width":"","neve_meta_content_width":0,"neve_meta_title_alignment":"","neve_meta_author_avatar":"","neve_post_elements_order":"","neve_meta_disable_header":"","neve_meta_disable_footer":"","neve_meta_disable_title":"","neve_meta_reading_time":"","_joinchat":[],"footnotes":""},"class_list":["post-316","page","type-page","status-publish","hentry"],"_links":{"self":[{"href":"https:\/\/pantallasled5g.com\/index.php\/wp-json\/wp\/v2\/pages\/316","targetHints":{"allow":["GET"]}}],"collection":[{"href":"https:\/\/pantallasled5g.com\/index.php\/wp-json\/wp\/v2\/pages"}],"about":[{"href":"https:\/\/pantallasled5g.com\/index.php\/wp-json\/wp\/v2\/types\/page"}],"author":[{"embeddable":true,"href":"https:\/\/pantallasled5g.com\/index.php\/wp-json\/wp\/v2\/users\/1"}],"replies":[{"embeddable":true,"href":"https:\/\/pantallasled5g.com\/index.php\/wp-json\/wp\/v2\/comments?post=316"}],"version-history":[{"count":19,"href":"https:\/\/pantallasled5g.com\/index.php\/wp-json\/wp\/v2\/pages\/316\/revisions"}],"predecessor-version":[{"id":460,"href":"https:\/\/pantallasled5g.com\/index.php\/wp-json\/wp\/v2\/pages\/316\/revisions\/460"}],"wp:attachment":[{"href":"https:\/\/pantallasled5g.com\/index.php\/wp-json\/wp\/v2\/media?parent=316"}],"curies":[{"name":"wp","href":"https:\/\/api.w.org\/{rel}","templated":true}]}}