{"id":315,"date":"2025-08-05T21:10:08","date_gmt":"2025-08-05T21:10:08","guid":{"rendered":"https:\/\/pantallasled5g.com\/?page_id=315"},"modified":"2025-08-06T07:38:00","modified_gmt":"2025-08-06T07:38:00","slug":"modelorama","status":"publish","type":"page","link":"https:\/\/pantallasled5g.com\/index.php\/modelorama\/","title":{"rendered":"Modelorama"},"content":{"rendered":"\n<div class=\"wp-block-group alignfull\"><div class=\"wp-block-group__inner-container is-layout-constrained wp-block-group-is-layout-constrained\">\n<div class=\"wp-block-group alignfull\"><div class=\"wp-block-group__inner-container is-layout-constrained wp-block-group-is-layout-constrained\">\n<div class=\"wp-block-cover alignfull has-parallax\" style=\"padding-top:var(--wp--preset--spacing--30);padding-right:var(--wp--preset--spacing--30);padding-bottom:var(--wp--preset--spacing--30);padding-left:var(--wp--preset--spacing--30);min-height:280px;aspect-ratio:unset;\"><div class=\"wp-block-cover__image-background wp-image-388 size-full has-parallax\" style=\"background-position:50% 50%;background-image:url(https:\/\/pantallasled5g.com\/wp-content\/uploads\/2025\/08\/E1399F6B-4C91-4DF5-AF27-46A9E7BC1600_1_105_c.jpeg)\"><\/div><span aria-hidden=\"true\" class=\"wp-block-cover__background has-black-background-color has-background-dim\"><\/span><div class=\"wp-block-cover__inner-container is-layout-flow wp-block-cover-is-layout-flow\">\n<p class=\"has-text-align-center has-large-font-size\"><\/p>\n<\/div><\/div>\n<\/div><\/div>\n<\/div><\/div>\n\n\n\n<div style=\"height:45px\" aria-hidden=\"true\" class=\"wp-block-spacer\"><\/div>\n\n\n\n<div class=\"wp-block-columns is-layout-flex wp-container-core-columns-is-layout-9d6595d7 wp-block-columns-is-layout-flex\">\n<div class=\"wp-block-column is-layout-flow wp-block-column-is-layout-flow\">\n<figure class=\"wp-block-embed is-type-video is-provider-youtube wp-block-embed-youtube wp-embed-aspect-16-9 wp-has-aspect-ratio\"><div class=\"wp-block-embed__wrapper\">\n<div class=\"nv-iframe-embed\"><iframe loading=\"lazy\" title=\"grupo modelo\" width=\"1200\" height=\"675\" src=\"https:\/\/www.youtube.com\/embed\/EeFuCk33g8o?feature=oembed\" frameborder=\"0\" allow=\"accelerometer; autoplay; clipboard-write; encrypted-media; gyroscope; picture-in-picture; web-share\" referrerpolicy=\"strict-origin-when-cross-origin\" allowfullscreen><\/iframe><\/div>\n<\/div><\/figure>\n<\/div>\n\n\n\n<div class=\"wp-block-column is-vertically-aligned-center is-layout-flow wp-block-column-is-layout-flow\">\n<h2 class=\"wp-block-heading\"><mark style=\"background-color:var(--nv-primary-accent)\" class=\"has-inline-color has-nv-site-bg-color\">Modelorama: Retail inteligente que evoluciona con tecnolog\u00eda LED 5G<\/mark><\/h2>\n\n\n\n<p>Con m\u00e1s de 8,000 puntos de venta en todo M\u00e9xico, Modelorama \u2014la cadena de tiendas de Grupo Modelo\u2014 se ha consolidado como un referente del retail moderno. En alianza con Pantallas LED 5G, implementamos soluciones digitales que transforman la experiencia en tienda mediante pantallas de alto brillo, programaci\u00f3n remota y contenidos din\u00e1micos. Esta integraci\u00f3n no solo impulsa la visibilidad de productos estrat\u00e9gicos, sino que tambi\u00e9n fortalece la comunicaci\u00f3n de marca en tiempo real, adapt\u00e1ndose a campa\u00f1as, promociones y temporadas clave. Nuestro objetivo: conectar a Modelorama con sus clientes de forma directa, atractiva y efectiva en cada punto de venta.<\/p>\n\n\n\n<div class=\"wp-block-buttons is-layout-flex wp-block-buttons-is-layout-flex\">\n<div class=\"wp-block-button is-style-primary\"><a class=\"wp-block-button__link wp-element-button\">Cotiza tu proyecto<\/a><\/div>\n<\/div>\n<\/div>\n<\/div>\n\n\n\n<div class=\"wp-block-group\"><div class=\"wp-block-group__inner-container is-layout-flow wp-block-group-is-layout-flow\">\n<figure class=\"wp-block-gallery has-nested-images columns-4 is-cropped wp-block-gallery-1 is-layout-flex wp-block-gallery-is-layout-flex\">\n<figure data-wp-context=\"{&quot;imageId&quot;:&quot;69e4d80c3d037&quot;}\" data-wp-interactive=\"core\/image\" data-wp-key=\"69e4d80c3d037\" class=\"wp-block-image size-full wp-lightbox-container\"><img loading=\"lazy\" decoding=\"async\" width=\"1024\" height=\"769\" data-wp-class--hide=\"state.isContentHidden\" data-wp-class--show=\"state.isContentVisible\" data-wp-init=\"callbacks.setButtonStyles\" data-wp-on--click=\"actions.showLightbox\" data-wp-on--load=\"callbacks.setButtonStyles\" data-wp-on-window--resize=\"callbacks.setButtonStyles\" data-id=\"474\" src=\"https:\/\/pantallasled5g.com\/wp-content\/uploads\/2025\/08\/E1399F6B-4C91-4DF5-AF27-46A9E7BC1600_1_105_c-1.jpeg\" alt=\"\" class=\"wp-image-474\" srcset=\"https:\/\/pantallasled5g.com\/wp-content\/uploads\/2025\/08\/E1399F6B-4C91-4DF5-AF27-46A9E7BC1600_1_105_c-1.jpeg 1024w, https:\/\/pantallasled5g.com\/wp-content\/uploads\/2025\/08\/E1399F6B-4C91-4DF5-AF27-46A9E7BC1600_1_105_c-1-300x225.jpeg 300w, https:\/\/pantallasled5g.com\/wp-content\/uploads\/2025\/08\/E1399F6B-4C91-4DF5-AF27-46A9E7BC1600_1_105_c-1-768x577.jpeg 768w\" sizes=\"auto, (max-width: 1024px) 100vw, 1024px\" \/><button\n\t\t\tclass=\"lightbox-trigger\"\n\t\t\ttype=\"button\"\n\t\t\taria-haspopup=\"dialog\"\n\t\t\taria-label=\"Agrandar\"\n\t\t\tdata-wp-init=\"callbacks.initTriggerButton\"\n\t\t\tdata-wp-on--click=\"actions.showLightbox\"\n\t\t\tdata-wp-style--right=\"state.imageButtonRight\"\n\t\t\tdata-wp-style--top=\"state.imageButtonTop\"\n\t\t>\n\t\t\t<svg xmlns=\"http:\/\/www.w3.org\/2000\/svg\" width=\"12\" height=\"12\" fill=\"none\" viewBox=\"0 0 12 12\">\n\t\t\t\t<path fill=\"#fff\" d=\"M2 0a2 2 0 0 0-2 2v2h1.5V2a.5.5 0 0 1 .5-.5h2V0H2Zm2 10.5H2a.5.5 0 0 1-.5-.5V8H0v2a2 2 0 0 0 2 2h2v-1.5ZM8 12v-1.5h2a.5.5 0 0 0 .5-.5V8H12v2a2 2 0 0 1-2 2H8Zm2-12a2 2 0 0 1 2 2v2h-1.5V2a.5.5 0 0 0-.5-.5H8V0h2Z\" \/>\n\t\t\t<\/svg>\n\t\t<\/button><\/figure>\n\n\n\n<figure data-wp-context=\"{&quot;imageId&quot;:&quot;69e4d80c3d728&quot;}\" data-wp-interactive=\"core\/image\" data-wp-key=\"69e4d80c3d728\" class=\"wp-block-image size-large wp-lightbox-container\"><img loading=\"lazy\" decoding=\"async\" width=\"1024\" height=\"576\" data-wp-class--hide=\"state.isContentHidden\" data-wp-class--show=\"state.isContentVisible\" data-wp-init=\"callbacks.setButtonStyles\" data-wp-on--click=\"actions.showLightbox\" data-wp-on--load=\"callbacks.setButtonStyles\" data-wp-on-window--resize=\"callbacks.setButtonStyles\" data-id=\"475\" src=\"https:\/\/pantallasled5g.com\/wp-content\/uploads\/2025\/08\/336F2BA9-BA62-4AF4-9FC3-E30E937F6350_1_105_c-1024x576.jpeg\" alt=\"\" class=\"wp-image-475\" srcset=\"https:\/\/pantallasled5g.com\/wp-content\/uploads\/2025\/08\/336F2BA9-BA62-4AF4-9FC3-E30E937F6350_1_105_c-1024x576.jpeg 1024w, https:\/\/pantallasled5g.com\/wp-content\/uploads\/2025\/08\/336F2BA9-BA62-4AF4-9FC3-E30E937F6350_1_105_c-300x169.jpeg 300w, https:\/\/pantallasled5g.com\/wp-content\/uploads\/2025\/08\/336F2BA9-BA62-4AF4-9FC3-E30E937F6350_1_105_c-768x432.jpeg 768w, https:\/\/pantallasled5g.com\/wp-content\/uploads\/2025\/08\/336F2BA9-BA62-4AF4-9FC3-E30E937F6350_1_105_c.jpeg 1182w\" sizes=\"auto, (max-width: 1024px) 100vw, 1024px\" \/><button\n\t\t\tclass=\"lightbox-trigger\"\n\t\t\ttype=\"button\"\n\t\t\taria-haspopup=\"dialog\"\n\t\t\taria-label=\"Agrandar\"\n\t\t\tdata-wp-init=\"callbacks.initTriggerButton\"\n\t\t\tdata-wp-on--click=\"actions.showLightbox\"\n\t\t\tdata-wp-style--right=\"state.imageButtonRight\"\n\t\t\tdata-wp-style--top=\"state.imageButtonTop\"\n\t\t>\n\t\t\t<svg xmlns=\"http:\/\/www.w3.org\/2000\/svg\" width=\"12\" height=\"12\" fill=\"none\" viewBox=\"0 0 12 12\">\n\t\t\t\t<path fill=\"#fff\" d=\"M2 0a2 2 0 0 0-2 2v2h1.5V2a.5.5 0 0 1 .5-.5h2V0H2Zm2 10.5H2a.5.5 0 0 1-.5-.5V8H0v2a2 2 0 0 0 2 2h2v-1.5ZM8 12v-1.5h2a.5.5 0 0 0 .5-.5V8H12v2a2 2 0 0 1-2 2H8Zm2-12a2 2 0 0 1 2 2v2h-1.5V2a.5.5 0 0 0-.5-.5H8V0h2Z\" \/>\n\t\t\t<\/svg>\n\t\t<\/button><\/figure>\n\n\n\n<figure data-wp-context=\"{&quot;imageId&quot;:&quot;69e4d80c3dd36&quot;}\" data-wp-interactive=\"core\/image\" data-wp-key=\"69e4d80c3dd36\" class=\"wp-block-image size-large wp-lightbox-container\"><img loading=\"lazy\" decoding=\"async\" width=\"848\" height=\"480\" data-wp-class--hide=\"state.isContentHidden\" data-wp-class--show=\"state.isContentVisible\" data-wp-init=\"callbacks.setButtonStyles\" data-wp-on--click=\"actions.showLightbox\" data-wp-on--load=\"callbacks.setButtonStyles\" data-wp-on-window--resize=\"callbacks.setButtonStyles\" data-id=\"476\" src=\"https:\/\/pantallasled5g.com\/wp-content\/uploads\/2025\/08\/2AFD348A-1799-411D-9E07-3B3783C7BF2F_1_102_o.jpeg\" alt=\"\" class=\"wp-image-476\" srcset=\"https:\/\/pantallasled5g.com\/wp-content\/uploads\/2025\/08\/2AFD348A-1799-411D-9E07-3B3783C7BF2F_1_102_o.jpeg 848w, https:\/\/pantallasled5g.com\/wp-content\/uploads\/2025\/08\/2AFD348A-1799-411D-9E07-3B3783C7BF2F_1_102_o-300x170.jpeg 300w, https:\/\/pantallasled5g.com\/wp-content\/uploads\/2025\/08\/2AFD348A-1799-411D-9E07-3B3783C7BF2F_1_102_o-768x435.jpeg 768w\" sizes=\"auto, (max-width: 848px) 100vw, 848px\" \/><button\n\t\t\tclass=\"lightbox-trigger\"\n\t\t\ttype=\"button\"\n\t\t\taria-haspopup=\"dialog\"\n\t\t\taria-label=\"Agrandar\"\n\t\t\tdata-wp-init=\"callbacks.initTriggerButton\"\n\t\t\tdata-wp-on--click=\"actions.showLightbox\"\n\t\t\tdata-wp-style--right=\"state.imageButtonRight\"\n\t\t\tdata-wp-style--top=\"state.imageButtonTop\"\n\t\t>\n\t\t\t<svg xmlns=\"http:\/\/www.w3.org\/2000\/svg\" width=\"12\" height=\"12\" fill=\"none\" viewBox=\"0 0 12 12\">\n\t\t\t\t<path fill=\"#fff\" d=\"M2 0a2 2 0 0 0-2 2v2h1.5V2a.5.5 0 0 1 .5-.5h2V0H2Zm2 10.5H2a.5.5 0 0 1-.5-.5V8H0v2a2 2 0 0 0 2 2h2v-1.5ZM8 12v-1.5h2a.5.5 0 0 0 .5-.5V8H12v2a2 2 0 0 1-2 2H8Zm2-12a2 2 0 0 1 2 2v2h-1.5V2a.5.5 0 0 0-.5-.5H8V0h2Z\" \/>\n\t\t\t<\/svg>\n\t\t<\/button><\/figure>\n\n\n\n<figure data-wp-context=\"{&quot;imageId&quot;:&quot;69e4d80c3e351&quot;}\" data-wp-interactive=\"core\/image\" data-wp-key=\"69e4d80c3e351\" class=\"wp-block-image size-large wp-lightbox-container\"><img loading=\"lazy\" decoding=\"async\" width=\"1024\" height=\"769\" data-wp-class--hide=\"state.isContentHidden\" data-wp-class--show=\"state.isContentVisible\" data-wp-init=\"callbacks.setButtonStyles\" data-wp-on--click=\"actions.showLightbox\" data-wp-on--load=\"callbacks.setButtonStyles\" data-wp-on-window--resize=\"callbacks.setButtonStyles\" data-id=\"477\" src=\"https:\/\/pantallasled5g.com\/wp-content\/uploads\/2025\/08\/3728FBDC-D326-4D14-8C56-9C03998C73FE_1_105_c.jpeg\" alt=\"\" class=\"wp-image-477\" srcset=\"https:\/\/pantallasled5g.com\/wp-content\/uploads\/2025\/08\/3728FBDC-D326-4D14-8C56-9C03998C73FE_1_105_c.jpeg 1024w, https:\/\/pantallasled5g.com\/wp-content\/uploads\/2025\/08\/3728FBDC-D326-4D14-8C56-9C03998C73FE_1_105_c-300x225.jpeg 300w, https:\/\/pantallasled5g.com\/wp-content\/uploads\/2025\/08\/3728FBDC-D326-4D14-8C56-9C03998C73FE_1_105_c-768x577.jpeg 768w\" sizes=\"auto, (max-width: 1024px) 100vw, 1024px\" \/><button\n\t\t\tclass=\"lightbox-trigger\"\n\t\t\ttype=\"button\"\n\t\t\taria-haspopup=\"dialog\"\n\t\t\taria-label=\"Agrandar\"\n\t\t\tdata-wp-init=\"callbacks.initTriggerButton\"\n\t\t\tdata-wp-on--click=\"actions.showLightbox\"\n\t\t\tdata-wp-style--right=\"state.imageButtonRight\"\n\t\t\tdata-wp-style--top=\"state.imageButtonTop\"\n\t\t>\n\t\t\t<svg xmlns=\"http:\/\/www.w3.org\/2000\/svg\" width=\"12\" height=\"12\" fill=\"none\" viewBox=\"0 0 12 12\">\n\t\t\t\t<path fill=\"#fff\" d=\"M2 0a2 2 0 0 0-2 2v2h1.5V2a.5.5 0 0 1 .5-.5h2V0H2Zm2 10.5H2a.5.5 0 0 1-.5-.5V8H0v2a2 2 0 0 0 2 2h2v-1.5ZM8 12v-1.5h2a.5.5 0 0 0 .5-.5V8H12v2a2 2 0 0 1-2 2H8Zm2-12a2 2 0 0 1 2 2v2h-1.5V2a.5.5 0 0 0-.5-.5H8V0h2Z\" \/>\n\t\t\t<\/svg>\n\t\t<\/button><\/figure>\n\n\n\n<figure data-wp-context=\"{&quot;imageId&quot;:&quot;69e4d80c3e919&quot;}\" data-wp-interactive=\"core\/image\" data-wp-key=\"69e4d80c3e919\" class=\"wp-block-image size-large wp-lightbox-container\"><img loading=\"lazy\" decoding=\"async\" width=\"1024\" height=\"768\" data-wp-class--hide=\"state.isContentHidden\" data-wp-class--show=\"state.isContentVisible\" data-wp-init=\"callbacks.setButtonStyles\" data-wp-on--click=\"actions.showLightbox\" data-wp-on--load=\"callbacks.setButtonStyles\" data-wp-on-window--resize=\"callbacks.setButtonStyles\" data-id=\"478\" src=\"https:\/\/pantallasled5g.com\/wp-content\/uploads\/2025\/08\/6B28A2C4-4538-43D9-AA8C-3FA2D295D1EF_1_105_c.jpeg\" alt=\"\" class=\"wp-image-478\" srcset=\"https:\/\/pantallasled5g.com\/wp-content\/uploads\/2025\/08\/6B28A2C4-4538-43D9-AA8C-3FA2D295D1EF_1_105_c.jpeg 1024w, https:\/\/pantallasled5g.com\/wp-content\/uploads\/2025\/08\/6B28A2C4-4538-43D9-AA8C-3FA2D295D1EF_1_105_c-300x225.jpeg 300w, https:\/\/pantallasled5g.com\/wp-content\/uploads\/2025\/08\/6B28A2C4-4538-43D9-AA8C-3FA2D295D1EF_1_105_c-768x576.jpeg 768w\" sizes=\"auto, (max-width: 1024px) 100vw, 1024px\" \/><button\n\t\t\tclass=\"lightbox-trigger\"\n\t\t\ttype=\"button\"\n\t\t\taria-haspopup=\"dialog\"\n\t\t\taria-label=\"Agrandar\"\n\t\t\tdata-wp-init=\"callbacks.initTriggerButton\"\n\t\t\tdata-wp-on--click=\"actions.showLightbox\"\n\t\t\tdata-wp-style--right=\"state.imageButtonRight\"\n\t\t\tdata-wp-style--top=\"state.imageButtonTop\"\n\t\t>\n\t\t\t<svg xmlns=\"http:\/\/www.w3.org\/2000\/svg\" width=\"12\" height=\"12\" fill=\"none\" viewBox=\"0 0 12 12\">\n\t\t\t\t<path fill=\"#fff\" d=\"M2 0a2 2 0 0 0-2 2v2h1.5V2a.5.5 0 0 1 .5-.5h2V0H2Zm2 10.5H2a.5.5 0 0 1-.5-.5V8H0v2a2 2 0 0 0 2 2h2v-1.5ZM8 12v-1.5h2a.5.5 0 0 0 .5-.5V8H12v2a2 2 0 0 1-2 2H8Zm2-12a2 2 0 0 1 2 2v2h-1.5V2a.5.5 0 0 0-.5-.5H8V0h2Z\" \/>\n\t\t\t<\/svg>\n\t\t<\/button><\/figure>\n\n\n\n<figure data-wp-context=\"{&quot;imageId&quot;:&quot;69e4d80c3ee99&quot;}\" data-wp-interactive=\"core\/image\" data-wp-key=\"69e4d80c3ee99\" class=\"wp-block-image size-large wp-lightbox-container\"><img loading=\"lazy\" decoding=\"async\" width=\"553\" height=\"311\" data-wp-class--hide=\"state.isContentHidden\" data-wp-class--show=\"state.isContentVisible\" data-wp-init=\"callbacks.setButtonStyles\" data-wp-on--click=\"actions.showLightbox\" data-wp-on--load=\"callbacks.setButtonStyles\" data-wp-on-window--resize=\"callbacks.setButtonStyles\" data-id=\"479\" src=\"https:\/\/pantallasled5g.com\/wp-content\/uploads\/2025\/08\/84299FCE-3BEF-463E-A0CB-C880AC7DB679_4_5005_c.jpeg\" alt=\"\" class=\"wp-image-479\" srcset=\"https:\/\/pantallasled5g.com\/wp-content\/uploads\/2025\/08\/84299FCE-3BEF-463E-A0CB-C880AC7DB679_4_5005_c.jpeg 553w, https:\/\/pantallasled5g.com\/wp-content\/uploads\/2025\/08\/84299FCE-3BEF-463E-A0CB-C880AC7DB679_4_5005_c-300x169.jpeg 300w\" sizes=\"auto, (max-width: 553px) 100vw, 553px\" \/><button\n\t\t\tclass=\"lightbox-trigger\"\n\t\t\ttype=\"button\"\n\t\t\taria-haspopup=\"dialog\"\n\t\t\taria-label=\"Agrandar\"\n\t\t\tdata-wp-init=\"callbacks.initTriggerButton\"\n\t\t\tdata-wp-on--click=\"actions.showLightbox\"\n\t\t\tdata-wp-style--right=\"state.imageButtonRight\"\n\t\t\tdata-wp-style--top=\"state.imageButtonTop\"\n\t\t>\n\t\t\t<svg xmlns=\"http:\/\/www.w3.org\/2000\/svg\" width=\"12\" height=\"12\" fill=\"none\" viewBox=\"0 0 12 12\">\n\t\t\t\t<path fill=\"#fff\" d=\"M2 0a2 2 0 0 0-2 2v2h1.5V2a.5.5 0 0 1 .5-.5h2V0H2Zm2 10.5H2a.5.5 0 0 1-.5-.5V8H0v2a2 2 0 0 0 2 2h2v-1.5ZM8 12v-1.5h2a.5.5 0 0 0 .5-.5V8H12v2a2 2 0 0 1-2 2H8Zm2-12a2 2 0 0 1 2 2v2h-1.5V2a.5.5 0 0 0-.5-.5H8V0h2Z\" \/>\n\t\t\t<\/svg>\n\t\t<\/button><\/figure>\n\n\n\n<figure data-wp-context=\"{&quot;imageId&quot;:&quot;69e4d80c3f44c&quot;}\" data-wp-interactive=\"core\/image\" data-wp-key=\"69e4d80c3f44c\" class=\"wp-block-image size-large wp-lightbox-container\"><img loading=\"lazy\" decoding=\"async\" width=\"1024\" height=\"768\" data-wp-class--hide=\"state.isContentHidden\" data-wp-class--show=\"state.isContentVisible\" data-wp-init=\"callbacks.setButtonStyles\" data-wp-on--click=\"actions.showLightbox\" data-wp-on--load=\"callbacks.setButtonStyles\" data-wp-on-window--resize=\"callbacks.setButtonStyles\" data-id=\"480\" src=\"https:\/\/pantallasled5g.com\/wp-content\/uploads\/2025\/08\/B654F247-5F5F-4847-9BA4-7F1F147134D7_1_105_c-1.jpeg\" alt=\"\" class=\"wp-image-480\" srcset=\"https:\/\/pantallasled5g.com\/wp-content\/uploads\/2025\/08\/B654F247-5F5F-4847-9BA4-7F1F147134D7_1_105_c-1.jpeg 1024w, https:\/\/pantallasled5g.com\/wp-content\/uploads\/2025\/08\/B654F247-5F5F-4847-9BA4-7F1F147134D7_1_105_c-1-300x225.jpeg 300w, https:\/\/pantallasled5g.com\/wp-content\/uploads\/2025\/08\/B654F247-5F5F-4847-9BA4-7F1F147134D7_1_105_c-1-768x576.jpeg 768w\" sizes=\"auto, (max-width: 1024px) 100vw, 1024px\" \/><button\n\t\t\tclass=\"lightbox-trigger\"\n\t\t\ttype=\"button\"\n\t\t\taria-haspopup=\"dialog\"\n\t\t\taria-label=\"Agrandar\"\n\t\t\tdata-wp-init=\"callbacks.initTriggerButton\"\n\t\t\tdata-wp-on--click=\"actions.showLightbox\"\n\t\t\tdata-wp-style--right=\"state.imageButtonRight\"\n\t\t\tdata-wp-style--top=\"state.imageButtonTop\"\n\t\t>\n\t\t\t<svg xmlns=\"http:\/\/www.w3.org\/2000\/svg\" width=\"12\" height=\"12\" fill=\"none\" viewBox=\"0 0 12 12\">\n\t\t\t\t<path fill=\"#fff\" d=\"M2 0a2 2 0 0 0-2 2v2h1.5V2a.5.5 0 0 1 .5-.5h2V0H2Zm2 10.5H2a.5.5 0 0 1-.5-.5V8H0v2a2 2 0 0 0 2 2h2v-1.5ZM8 12v-1.5h2a.5.5 0 0 0 .5-.5V8H12v2a2 2 0 0 1-2 2H8Zm2-12a2 2 0 0 1 2 2v2h-1.5V2a.5.5 0 0 0-.5-.5H8V0h2Z\" \/>\n\t\t\t<\/svg>\n\t\t<\/button><\/figure>\n<\/figure>\n<\/div><\/div>\n\n\n\n<div class=\"wp-block-group alignfull has-contrast-color has-text-color is-vertical is-content-justification-center is-layout-flex wp-container-core-group-is-layout-f1198d31 wp-block-group-is-layout-flex\" style=\"min-height:40vh;margin-top:0;margin-bottom:0;padding-top:var(--wp--preset--spacing--60);padding-right:var(--wp--preset--spacing--50);padding-bottom:var(--wp--preset--spacing--60);padding-left:var(--wp--preset--spacing--50)\"><div style=\"margin-bottom:6px;\" class=\"is-default-size aligncenter wp-block-site-logo\"><a href=\"https:\/\/pantallasled5g.com\/\" class=\"custom-logo-link\" rel=\"home\"><img loading=\"lazy\" decoding=\"async\" width=\"512\" height=\"512\" src=\"https:\/\/pantallasled5g.com\/wp-content\/uploads\/2025\/07\/cropped-LOGO-PAGINA-1.png\" class=\"custom-logo\" alt=\"Panalasled5G\" srcset=\"https:\/\/pantallasled5g.com\/wp-content\/uploads\/2025\/07\/cropped-LOGO-PAGINA-1.png 512w, https:\/\/pantallasled5g.com\/wp-content\/uploads\/2025\/07\/cropped-LOGO-PAGINA-1-300x300.png 300w, https:\/\/pantallasled5g.com\/wp-content\/uploads\/2025\/07\/cropped-LOGO-PAGINA-1-150x150.png 150w, https:\/\/pantallasled5g.com\/wp-content\/uploads\/2025\/07\/cropped-LOGO-PAGINA-1-270x270.png 270w, https:\/\/pantallasled5g.com\/wp-content\/uploads\/2025\/07\/cropped-LOGO-PAGINA-1-192x192.png 192w, https:\/\/pantallasled5g.com\/wp-content\/uploads\/2025\/07\/cropped-LOGO-PAGINA-1-180x180.png 180w, https:\/\/pantallasled5g.com\/wp-content\/uploads\/2025\/07\/cropped-LOGO-PAGINA-1-32x32.png 32w\" sizes=\"auto, (max-width: 512px) 100vw, 512px\" \/><\/a><\/div><\/div>\n\n\n\n<p><\/p>\n","protected":false},"excerpt":{"rendered":"<p>Modelorama: Retail inteligente que evoluciona con tecnolog\u00eda LED 5G Con m\u00e1s de 8,000 puntos de venta en todo M\u00e9xico, Modelorama \u2014la cadena de tiendas de Grupo Modelo\u2014 se ha consolidado como un referente del retail moderno. En alianza con Pantallas LED 5G, implementamos soluciones digitales que transforman la experiencia en tienda mediante pantallas de alto&hellip;&nbsp;<\/p>\n","protected":false},"author":1,"featured_media":0,"parent":0,"menu_order":0,"comment_status":"closed","ping_status":"closed","template":"","meta":{"neve_meta_sidebar":"","neve_meta_container":"","neve_meta_enable_content_width":"","neve_meta_content_width":0,"neve_meta_title_alignment":"","neve_meta_author_avatar":"","neve_post_elements_order":"","neve_meta_disable_header":"","neve_meta_disable_footer":"","neve_meta_disable_title":"","neve_meta_reading_time":"","_joinchat":[],"footnotes":""},"class_list":["post-315","page","type-page","status-publish","hentry"],"_links":{"self":[{"href":"https:\/\/pantallasled5g.com\/index.php\/wp-json\/wp\/v2\/pages\/315","targetHints":{"allow":["GET"]}}],"collection":[{"href":"https:\/\/pantallasled5g.com\/index.php\/wp-json\/wp\/v2\/pages"}],"about":[{"href":"https:\/\/pantallasled5g.com\/index.php\/wp-json\/wp\/v2\/types\/page"}],"author":[{"embeddable":true,"href":"https:\/\/pantallasled5g.com\/index.php\/wp-json\/wp\/v2\/users\/1"}],"replies":[{"embeddable":true,"href":"https:\/\/pantallasled5g.com\/index.php\/wp-json\/wp\/v2\/comments?post=315"}],"version-history":[{"count":6,"href":"https:\/\/pantallasled5g.com\/index.php\/wp-json\/wp\/v2\/pages\/315\/revisions"}],"predecessor-version":[{"id":481,"href":"https:\/\/pantallasled5g.com\/index.php\/wp-json\/wp\/v2\/pages\/315\/revisions\/481"}],"wp:attachment":[{"href":"https:\/\/pantallasled5g.com\/index.php\/wp-json\/wp\/v2\/media?parent=315"}],"curies":[{"name":"wp","href":"https:\/\/api.w.org\/{rel}","templated":true}]}}