{"id":248,"date":"2025-08-05T17:54:41","date_gmt":"2025-08-05T17:54:41","guid":{"rendered":"https:\/\/pantallasled5g.com\/?page_id=248"},"modified":"2025-08-06T04:54:49","modified_gmt":"2025-08-06T04:54:49","slug":"arca-continental","status":"publish","type":"page","link":"https:\/\/pantallasled5g.com\/index.php\/arca-continental\/","title":{"rendered":"Arca Continental\u00a0"},"content":{"rendered":"\n<div class=\"wp-block-group alignfull\"><div class=\"wp-block-group__inner-container is-layout-constrained wp-block-group-is-layout-constrained\">\n<div class=\"wp-block-cover alignfull\" style=\"margin-top:0;min-height:40vw;aspect-ratio:unset;\"><img loading=\"lazy\" decoding=\"async\" width=\"1366\" height=\"768\" class=\"wp-block-cover__image-background wp-image-259 size-full\" alt=\"\" src=\"https:\/\/pantallasled5g.com\/wp-content\/uploads\/2025\/08\/cocacola-banner.jpg\" data-object-fit=\"cover\" srcset=\"https:\/\/pantallasled5g.com\/wp-content\/uploads\/2025\/08\/cocacola-banner.jpg 1366w, https:\/\/pantallasled5g.com\/wp-content\/uploads\/2025\/08\/cocacola-banner-300x169.jpg 300w, https:\/\/pantallasled5g.com\/wp-content\/uploads\/2025\/08\/cocacola-banner-1024x576.jpg 1024w, https:\/\/pantallasled5g.com\/wp-content\/uploads\/2025\/08\/cocacola-banner-768x432.jpg 768w\" sizes=\"auto, (max-width: 1366px) 100vw, 1366px\" \/><span aria-hidden=\"true\" class=\"wp-block-cover__background has-black-background-color has-background-dim-0 has-background-dim\"><\/span><div class=\"wp-block-cover__inner-container is-layout-flow wp-block-cover-is-layout-flow\">\n<div style=\"height:50px\" aria-hidden=\"true\" class=\"wp-block-spacer\"><\/div>\n<\/div><\/div>\n<\/div><\/div>\n\n\n\n<div style=\"height:100px\" aria-hidden=\"true\" class=\"wp-block-spacer\"><\/div>\n\n\n\n<h2 class=\"wp-block-heading\"><mark style=\"background-color:var(--nv-primary-accent)\" class=\"has-inline-color has-nv-site-bg-color\">Arca continental | Caso de \u00e9xito<\/mark><\/h2>\n\n\n\n<p>Destacamos nuestro trabajo con&nbsp;<strong>Arca Continental<\/strong>, una de las embotelladoras m\u00e1s grandes de Coca\u2011Cola en Latinoam\u00e9rica. Descubre c\u00f3mo dise\u00f1amos e instalamos pantallas LED 5G de alto impacto en puntos estrat\u00e9gicos para potenciar su presencia de marca. Innovaci\u00f3n tecnol\u00f3gica, visibilidad y resultados efectivos en entornos comerciales.<\/p>\n\n\n\n<div class=\"wp-block-columns is-layout-flex wp-container-core-columns-is-layout-9d6595d7 wp-block-columns-is-layout-flex\">\n<div class=\"wp-block-column is-layout-flow wp-block-column-is-layout-flow\">\n<figure class=\"wp-block-embed is-type-video is-provider-youtube wp-block-embed-youtube wp-embed-aspect-16-9 wp-has-aspect-ratio\"><div class=\"wp-block-embed__wrapper\">\n<div class=\"nv-iframe-embed\"><iframe loading=\"lazy\" title=\"Arca Continental | Caso de \u00c9xito\" width=\"1200\" height=\"675\" src=\"https:\/\/www.youtube.com\/embed\/PCGxBPp8040?feature=oembed\" frameborder=\"0\" allow=\"accelerometer; autoplay; clipboard-write; encrypted-media; gyroscope; picture-in-picture; web-share\" referrerpolicy=\"strict-origin-when-cross-origin\" allowfullscreen><\/iframe><\/div>\n<\/div><\/figure>\n<\/div>\n\n\n\n<div class=\"wp-block-column is-vertically-aligned-center is-layout-flow wp-block-column-is-layout-flow\">\n<h2 class=\"wp-block-heading\" style=\"border-radius:0px;padding-top:var(--wp--preset--spacing--30);padding-right:var(--wp--preset--spacing--40);padding-bottom:var(--wp--preset--spacing--30);padding-left:var(--wp--preset--spacing--40)\">\u00bfPor qu\u00e9 funciona esta propuesta?<\/h2>\n\n\n\n<ul class=\"wp-block-list\">\n<li><strong>Arca Continental<\/strong>, fortaleciendo autoridad y conexi\u00f3n de marca.<\/li>\n\n\n\n<li>La campa\u00f1a se ejecuta en puntos de alto tr\u00e1fico peatonal y vehicular, maximizando el <strong>impacto visual<\/strong>.<\/li>\n\n\n\n<li>Brindan mayor velocidad de transmisi\u00f3n, <strong>calidad de imagen<\/strong> en tiempo real y actualizaciones remotas.<\/li>\n\n\n\n<li>Atrae m\u00e1s <strong>atenci\u00f3n<\/strong> que los anuncios est\u00e1ticos tradicionales.<\/li>\n\n\n\n<li>Se pueden cambiar los <strong>anuncios de forma remota<\/strong> seg\u00fan campa\u00f1as o temporadas.<\/li>\n\n\n\n<li>Alta visibilidad con un <strong>costo accesible<\/strong> comparado con medios tradicionales.<\/li>\n<\/ul>\n\n\n\n<div class=\"wp-block-buttons is-layout-flex wp-block-buttons-is-layout-flex\">\n<div class=\"wp-block-button has-custom-width wp-block-button__width-50 is-style-default\"><a class=\"wp-block-button__link has-custom-font-size wp-element-button\" href=\"http:\/\/wa.link\/9o65y9\" style=\"border-style:none;border-width:0px;border-radius:5px;padding-top:0;padding-right:0;padding-bottom:0;padding-left:0;font-size:23px\">cotiza tu proyecto<\/a><\/div>\n<\/div>\n<\/div>\n<\/div>\n\n\n\n<h2 class=\"wp-block-heading has-text-align-left\" style=\"border-radius:17px;font-size:34px\"><mark style=\"background-color:var(--nv-secondary-accent)\" class=\"has-inline-color has-nv-site-bg-color\">Digitalizaci\u00f3n de puntos de venta de Coca-Cola<\/mark><\/h2>\n\n\n\n<p class=\"has-text-align-center\">La gesti\u00f3n remota del contenido en las <strong>pantallas LED<\/strong> permite actualizar la informaci\u00f3n de forma inmediata, sin necesidad de reemplazar carteles impresos como en la publicidad tradicional. Esto no solo reduce la generaci\u00f3n de residuos, fomentando un modelo sostenible de\u00a0<strong>residuos cero<\/strong>, sino que tambi\u00e9n elimina la necesidad de desplazar personal al sitio para realizar cambios f\u00edsicos.<\/p>\n\n\n\n<div class=\"wp-block-group\"><div class=\"wp-block-group__inner-container is-layout-flow wp-block-group-is-layout-flow\">\n<figure class=\"wp-block-gallery has-nested-images columns-4 is-cropped wp-block-gallery-1 is-layout-flex wp-block-gallery-is-layout-flex\">\n<figure data-wp-context=\"{&quot;imageId&quot;:&quot;69e4d80dee325&quot;}\" data-wp-interactive=\"core\/image\" data-wp-key=\"69e4d80dee325\" class=\"wp-block-image size-full wp-lightbox-container\"><img loading=\"lazy\" decoding=\"async\" width=\"769\" height=\"1024\" data-wp-class--hide=\"state.isContentHidden\" data-wp-class--show=\"state.isContentVisible\" data-wp-init=\"callbacks.setButtonStyles\" data-wp-on--click=\"actions.showLightbox\" data-wp-on--load=\"callbacks.setButtonStyles\" data-wp-on-window--resize=\"callbacks.setButtonStyles\" data-id=\"252\" src=\"https:\/\/pantallasled5g.com\/wp-content\/uploads\/2025\/08\/9B0241AB-1751-41F4-BBF5-29BE2E5B731A_1_105_c.jpeg\" alt=\"\" class=\"wp-image-252\" srcset=\"https:\/\/pantallasled5g.com\/wp-content\/uploads\/2025\/08\/9B0241AB-1751-41F4-BBF5-29BE2E5B731A_1_105_c.jpeg 769w, https:\/\/pantallasled5g.com\/wp-content\/uploads\/2025\/08\/9B0241AB-1751-41F4-BBF5-29BE2E5B731A_1_105_c-225x300.jpeg 225w\" sizes=\"auto, (max-width: 769px) 100vw, 769px\" \/><button\n\t\t\tclass=\"lightbox-trigger\"\n\t\t\ttype=\"button\"\n\t\t\taria-haspopup=\"dialog\"\n\t\t\taria-label=\"Agrandar\"\n\t\t\tdata-wp-init=\"callbacks.initTriggerButton\"\n\t\t\tdata-wp-on--click=\"actions.showLightbox\"\n\t\t\tdata-wp-style--right=\"state.imageButtonRight\"\n\t\t\tdata-wp-style--top=\"state.imageButtonTop\"\n\t\t>\n\t\t\t<svg xmlns=\"http:\/\/www.w3.org\/2000\/svg\" width=\"12\" height=\"12\" fill=\"none\" viewBox=\"0 0 12 12\">\n\t\t\t\t<path fill=\"#fff\" d=\"M2 0a2 2 0 0 0-2 2v2h1.5V2a.5.5 0 0 1 .5-.5h2V0H2Zm2 10.5H2a.5.5 0 0 1-.5-.5V8H0v2a2 2 0 0 0 2 2h2v-1.5ZM8 12v-1.5h2a.5.5 0 0 0 .5-.5V8H12v2a2 2 0 0 1-2 2H8Zm2-12a2 2 0 0 1 2 2v2h-1.5V2a.5.5 0 0 0-.5-.5H8V0h2Z\" \/>\n\t\t\t<\/svg>\n\t\t<\/button><\/figure>\n\n\n\n<figure data-wp-context=\"{&quot;imageId&quot;:&quot;69e4d80deea7a&quot;}\" data-wp-interactive=\"core\/image\" data-wp-key=\"69e4d80deea7a\" class=\"wp-block-image size-large wp-lightbox-container\"><img loading=\"lazy\" decoding=\"async\" width=\"1024\" height=\"576\" data-wp-class--hide=\"state.isContentHidden\" data-wp-class--show=\"state.isContentVisible\" data-wp-init=\"callbacks.setButtonStyles\" data-wp-on--click=\"actions.showLightbox\" data-wp-on--load=\"callbacks.setButtonStyles\" data-wp-on-window--resize=\"callbacks.setButtonStyles\" data-id=\"253\" src=\"https:\/\/pantallasled5g.com\/wp-content\/uploads\/2025\/08\/31BDC856-6EE0-40F3-91CD-A5816BA1A241_1_105_c-1024x576.jpeg\" alt=\"\" class=\"wp-image-253\" srcset=\"https:\/\/pantallasled5g.com\/wp-content\/uploads\/2025\/08\/31BDC856-6EE0-40F3-91CD-A5816BA1A241_1_105_c-1024x576.jpeg 1024w, https:\/\/pantallasled5g.com\/wp-content\/uploads\/2025\/08\/31BDC856-6EE0-40F3-91CD-A5816BA1A241_1_105_c-300x169.jpeg 300w, https:\/\/pantallasled5g.com\/wp-content\/uploads\/2025\/08\/31BDC856-6EE0-40F3-91CD-A5816BA1A241_1_105_c-768x432.jpeg 768w, https:\/\/pantallasled5g.com\/wp-content\/uploads\/2025\/08\/31BDC856-6EE0-40F3-91CD-A5816BA1A241_1_105_c.jpeg 1182w\" sizes=\"auto, (max-width: 1024px) 100vw, 1024px\" \/><button\n\t\t\tclass=\"lightbox-trigger\"\n\t\t\ttype=\"button\"\n\t\t\taria-haspopup=\"dialog\"\n\t\t\taria-label=\"Agrandar\"\n\t\t\tdata-wp-init=\"callbacks.initTriggerButton\"\n\t\t\tdata-wp-on--click=\"actions.showLightbox\"\n\t\t\tdata-wp-style--right=\"state.imageButtonRight\"\n\t\t\tdata-wp-style--top=\"state.imageButtonTop\"\n\t\t>\n\t\t\t<svg xmlns=\"http:\/\/www.w3.org\/2000\/svg\" width=\"12\" height=\"12\" fill=\"none\" viewBox=\"0 0 12 12\">\n\t\t\t\t<path fill=\"#fff\" d=\"M2 0a2 2 0 0 0-2 2v2h1.5V2a.5.5 0 0 1 .5-.5h2V0H2Zm2 10.5H2a.5.5 0 0 1-.5-.5V8H0v2a2 2 0 0 0 2 2h2v-1.5ZM8 12v-1.5h2a.5.5 0 0 0 .5-.5V8H12v2a2 2 0 0 1-2 2H8Zm2-12a2 2 0 0 1 2 2v2h-1.5V2a.5.5 0 0 0-.5-.5H8V0h2Z\" \/>\n\t\t\t<\/svg>\n\t\t<\/button><\/figure>\n\n\n\n<figure data-wp-context=\"{&quot;imageId&quot;:&quot;69e4d80def0b0&quot;}\" data-wp-interactive=\"core\/image\" data-wp-key=\"69e4d80def0b0\" class=\"wp-block-image size-large wp-lightbox-container\"><img loading=\"lazy\" decoding=\"async\" width=\"1024\" height=\"576\" data-wp-class--hide=\"state.isContentHidden\" data-wp-class--show=\"state.isContentVisible\" data-wp-init=\"callbacks.setButtonStyles\" data-wp-on--click=\"actions.showLightbox\" data-wp-on--load=\"callbacks.setButtonStyles\" data-wp-on-window--resize=\"callbacks.setButtonStyles\" data-id=\"254\" src=\"https:\/\/pantallasled5g.com\/wp-content\/uploads\/2025\/08\/C311A14A-15A9-411D-8170-E859FF268D05_1_105_c-1024x576.jpeg\" alt=\"\" class=\"wp-image-254\" srcset=\"https:\/\/pantallasled5g.com\/wp-content\/uploads\/2025\/08\/C311A14A-15A9-411D-8170-E859FF268D05_1_105_c-1024x576.jpeg 1024w, https:\/\/pantallasled5g.com\/wp-content\/uploads\/2025\/08\/C311A14A-15A9-411D-8170-E859FF268D05_1_105_c-300x169.jpeg 300w, https:\/\/pantallasled5g.com\/wp-content\/uploads\/2025\/08\/C311A14A-15A9-411D-8170-E859FF268D05_1_105_c-768x432.jpeg 768w, https:\/\/pantallasled5g.com\/wp-content\/uploads\/2025\/08\/C311A14A-15A9-411D-8170-E859FF268D05_1_105_c.jpeg 1182w\" sizes=\"auto, (max-width: 1024px) 100vw, 1024px\" \/><button\n\t\t\tclass=\"lightbox-trigger\"\n\t\t\ttype=\"button\"\n\t\t\taria-haspopup=\"dialog\"\n\t\t\taria-label=\"Agrandar\"\n\t\t\tdata-wp-init=\"callbacks.initTriggerButton\"\n\t\t\tdata-wp-on--click=\"actions.showLightbox\"\n\t\t\tdata-wp-style--right=\"state.imageButtonRight\"\n\t\t\tdata-wp-style--top=\"state.imageButtonTop\"\n\t\t>\n\t\t\t<svg xmlns=\"http:\/\/www.w3.org\/2000\/svg\" width=\"12\" height=\"12\" fill=\"none\" viewBox=\"0 0 12 12\">\n\t\t\t\t<path fill=\"#fff\" d=\"M2 0a2 2 0 0 0-2 2v2h1.5V2a.5.5 0 0 1 .5-.5h2V0H2Zm2 10.5H2a.5.5 0 0 1-.5-.5V8H0v2a2 2 0 0 0 2 2h2v-1.5ZM8 12v-1.5h2a.5.5 0 0 0 .5-.5V8H12v2a2 2 0 0 1-2 2H8Zm2-12a2 2 0 0 1 2 2v2h-1.5V2a.5.5 0 0 0-.5-.5H8V0h2Z\" \/>\n\t\t\t<\/svg>\n\t\t<\/button><\/figure>\n\n\n\n<figure data-wp-context=\"{&quot;imageId&quot;:&quot;69e4d80def765&quot;}\" data-wp-interactive=\"core\/image\" data-wp-key=\"69e4d80def765\" class=\"wp-block-image size-large wp-lightbox-container\"><img loading=\"lazy\" decoding=\"async\" width=\"1024\" height=\"768\" data-wp-class--hide=\"state.isContentHidden\" data-wp-class--show=\"state.isContentVisible\" data-wp-init=\"callbacks.setButtonStyles\" data-wp-on--click=\"actions.showLightbox\" data-wp-on--load=\"callbacks.setButtonStyles\" data-wp-on-window--resize=\"callbacks.setButtonStyles\" data-id=\"255\" src=\"https:\/\/pantallasled5g.com\/wp-content\/uploads\/2025\/08\/cubo-coca-cola-1-1024x768.jpg\" alt=\"\" class=\"wp-image-255\" srcset=\"https:\/\/pantallasled5g.com\/wp-content\/uploads\/2025\/08\/cubo-coca-cola-1-1024x768.jpg 1024w, https:\/\/pantallasled5g.com\/wp-content\/uploads\/2025\/08\/cubo-coca-cola-1-300x225.jpg 300w, https:\/\/pantallasled5g.com\/wp-content\/uploads\/2025\/08\/cubo-coca-cola-1-768x576.jpg 768w, https:\/\/pantallasled5g.com\/wp-content\/uploads\/2025\/08\/cubo-coca-cola-1.jpg 1280w\" sizes=\"auto, (max-width: 1024px) 100vw, 1024px\" \/><button\n\t\t\tclass=\"lightbox-trigger\"\n\t\t\ttype=\"button\"\n\t\t\taria-haspopup=\"dialog\"\n\t\t\taria-label=\"Agrandar\"\n\t\t\tdata-wp-init=\"callbacks.initTriggerButton\"\n\t\t\tdata-wp-on--click=\"actions.showLightbox\"\n\t\t\tdata-wp-style--right=\"state.imageButtonRight\"\n\t\t\tdata-wp-style--top=\"state.imageButtonTop\"\n\t\t>\n\t\t\t<svg xmlns=\"http:\/\/www.w3.org\/2000\/svg\" width=\"12\" height=\"12\" fill=\"none\" viewBox=\"0 0 12 12\">\n\t\t\t\t<path fill=\"#fff\" d=\"M2 0a2 2 0 0 0-2 2v2h1.5V2a.5.5 0 0 1 .5-.5h2V0H2Zm2 10.5H2a.5.5 0 0 1-.5-.5V8H0v2a2 2 0 0 0 2 2h2v-1.5ZM8 12v-1.5h2a.5.5 0 0 0 .5-.5V8H12v2a2 2 0 0 1-2 2H8Zm2-12a2 2 0 0 1 2 2v2h-1.5V2a.5.5 0 0 0-.5-.5H8V0h2Z\" \/>\n\t\t\t<\/svg>\n\t\t<\/button><\/figure>\n\n\n\n<figure data-wp-context=\"{&quot;imageId&quot;:&quot;69e4d80defb98&quot;}\" data-wp-interactive=\"core\/image\" data-wp-key=\"69e4d80defb98\" class=\"wp-block-image size-large wp-lightbox-container\"><img loading=\"lazy\" decoding=\"async\" width=\"1024\" height=\"768\" data-wp-class--hide=\"state.isContentHidden\" data-wp-class--show=\"state.isContentVisible\" data-wp-init=\"callbacks.setButtonStyles\" data-wp-on--click=\"actions.showLightbox\" data-wp-on--load=\"callbacks.setButtonStyles\" data-wp-on-window--resize=\"callbacks.setButtonStyles\" data-id=\"256\" src=\"https:\/\/pantallasled5g.com\/wp-content\/uploads\/2025\/08\/D38A08C8-406F-46A7-8EF2-65C208A1DDB8_1_105_c.jpeg\" alt=\"\" class=\"wp-image-256\" srcset=\"https:\/\/pantallasled5g.com\/wp-content\/uploads\/2025\/08\/D38A08C8-406F-46A7-8EF2-65C208A1DDB8_1_105_c.jpeg 1024w, https:\/\/pantallasled5g.com\/wp-content\/uploads\/2025\/08\/D38A08C8-406F-46A7-8EF2-65C208A1DDB8_1_105_c-300x225.jpeg 300w, https:\/\/pantallasled5g.com\/wp-content\/uploads\/2025\/08\/D38A08C8-406F-46A7-8EF2-65C208A1DDB8_1_105_c-768x576.jpeg 768w\" sizes=\"auto, (max-width: 1024px) 100vw, 1024px\" \/><button\n\t\t\tclass=\"lightbox-trigger\"\n\t\t\ttype=\"button\"\n\t\t\taria-haspopup=\"dialog\"\n\t\t\taria-label=\"Agrandar\"\n\t\t\tdata-wp-init=\"callbacks.initTriggerButton\"\n\t\t\tdata-wp-on--click=\"actions.showLightbox\"\n\t\t\tdata-wp-style--right=\"state.imageButtonRight\"\n\t\t\tdata-wp-style--top=\"state.imageButtonTop\"\n\t\t>\n\t\t\t<svg xmlns=\"http:\/\/www.w3.org\/2000\/svg\" width=\"12\" height=\"12\" fill=\"none\" viewBox=\"0 0 12 12\">\n\t\t\t\t<path fill=\"#fff\" d=\"M2 0a2 2 0 0 0-2 2v2h1.5V2a.5.5 0 0 1 .5-.5h2V0H2Zm2 10.5H2a.5.5 0 0 1-.5-.5V8H0v2a2 2 0 0 0 2 2h2v-1.5ZM8 12v-1.5h2a.5.5 0 0 0 .5-.5V8H12v2a2 2 0 0 1-2 2H8Zm2-12a2 2 0 0 1 2 2v2h-1.5V2a.5.5 0 0 0-.5-.5H8V0h2Z\" \/>\n\t\t\t<\/svg>\n\t\t<\/button><\/figure>\n\n\n\n<figure data-wp-context=\"{&quot;imageId&quot;:&quot;69e4d80deff7f&quot;}\" data-wp-interactive=\"core\/image\" data-wp-key=\"69e4d80deff7f\" class=\"wp-block-image size-large wp-lightbox-container\"><img loading=\"lazy\" decoding=\"async\" width=\"1024\" height=\"769\" data-wp-class--hide=\"state.isContentHidden\" data-wp-class--show=\"state.isContentVisible\" data-wp-init=\"callbacks.setButtonStyles\" data-wp-on--click=\"actions.showLightbox\" data-wp-on--load=\"callbacks.setButtonStyles\" data-wp-on-window--resize=\"callbacks.setButtonStyles\" data-id=\"257\" src=\"https:\/\/pantallasled5g.com\/wp-content\/uploads\/2025\/08\/DD74782D-2BC0-451C-81CE-5B238DF67184_1_105_c.jpeg\" alt=\"\" class=\"wp-image-257\" srcset=\"https:\/\/pantallasled5g.com\/wp-content\/uploads\/2025\/08\/DD74782D-2BC0-451C-81CE-5B238DF67184_1_105_c.jpeg 1024w, https:\/\/pantallasled5g.com\/wp-content\/uploads\/2025\/08\/DD74782D-2BC0-451C-81CE-5B238DF67184_1_105_c-300x225.jpeg 300w, https:\/\/pantallasled5g.com\/wp-content\/uploads\/2025\/08\/DD74782D-2BC0-451C-81CE-5B238DF67184_1_105_c-768x577.jpeg 768w\" sizes=\"auto, (max-width: 1024px) 100vw, 1024px\" \/><button\n\t\t\tclass=\"lightbox-trigger\"\n\t\t\ttype=\"button\"\n\t\t\taria-haspopup=\"dialog\"\n\t\t\taria-label=\"Agrandar\"\n\t\t\tdata-wp-init=\"callbacks.initTriggerButton\"\n\t\t\tdata-wp-on--click=\"actions.showLightbox\"\n\t\t\tdata-wp-style--right=\"state.imageButtonRight\"\n\t\t\tdata-wp-style--top=\"state.imageButtonTop\"\n\t\t>\n\t\t\t<svg xmlns=\"http:\/\/www.w3.org\/2000\/svg\" width=\"12\" height=\"12\" fill=\"none\" viewBox=\"0 0 12 12\">\n\t\t\t\t<path fill=\"#fff\" d=\"M2 0a2 2 0 0 0-2 2v2h1.5V2a.5.5 0 0 1 .5-.5h2V0H2Zm2 10.5H2a.5.5 0 0 1-.5-.5V8H0v2a2 2 0 0 0 2 2h2v-1.5ZM8 12v-1.5h2a.5.5 0 0 0 .5-.5V8H12v2a2 2 0 0 1-2 2H8Zm2-12a2 2 0 0 1 2 2v2h-1.5V2a.5.5 0 0 0-.5-.5H8V0h2Z\" \/>\n\t\t\t<\/svg>\n\t\t<\/button><\/figure>\n\n\n\n<figure data-wp-context=\"{&quot;imageId&quot;:&quot;69e4d80df0326&quot;}\" data-wp-interactive=\"core\/image\" data-wp-key=\"69e4d80df0326\" class=\"wp-block-image size-large wp-lightbox-container\"><img loading=\"lazy\" decoding=\"async\" width=\"1024\" height=\"768\" data-wp-class--hide=\"state.isContentHidden\" data-wp-class--show=\"state.isContentVisible\" data-wp-init=\"callbacks.setButtonStyles\" data-wp-on--click=\"actions.showLightbox\" data-wp-on--load=\"callbacks.setButtonStyles\" data-wp-on-window--resize=\"callbacks.setButtonStyles\" data-id=\"258\" src=\"https:\/\/pantallasled5g.com\/wp-content\/uploads\/2025\/08\/B644BD70-4479-4105-BE80-6F42ECB06198_1_105_c.jpeg\" alt=\"\" class=\"wp-image-258\" srcset=\"https:\/\/pantallasled5g.com\/wp-content\/uploads\/2025\/08\/B644BD70-4479-4105-BE80-6F42ECB06198_1_105_c.jpeg 1024w, https:\/\/pantallasled5g.com\/wp-content\/uploads\/2025\/08\/B644BD70-4479-4105-BE80-6F42ECB06198_1_105_c-300x225.jpeg 300w, https:\/\/pantallasled5g.com\/wp-content\/uploads\/2025\/08\/B644BD70-4479-4105-BE80-6F42ECB06198_1_105_c-768x576.jpeg 768w\" sizes=\"auto, (max-width: 1024px) 100vw, 1024px\" \/><button\n\t\t\tclass=\"lightbox-trigger\"\n\t\t\ttype=\"button\"\n\t\t\taria-haspopup=\"dialog\"\n\t\t\taria-label=\"Agrandar\"\n\t\t\tdata-wp-init=\"callbacks.initTriggerButton\"\n\t\t\tdata-wp-on--click=\"actions.showLightbox\"\n\t\t\tdata-wp-style--right=\"state.imageButtonRight\"\n\t\t\tdata-wp-style--top=\"state.imageButtonTop\"\n\t\t>\n\t\t\t<svg xmlns=\"http:\/\/www.w3.org\/2000\/svg\" width=\"12\" height=\"12\" fill=\"none\" viewBox=\"0 0 12 12\">\n\t\t\t\t<path fill=\"#fff\" d=\"M2 0a2 2 0 0 0-2 2v2h1.5V2a.5.5 0 0 1 .5-.5h2V0H2Zm2 10.5H2a.5.5 0 0 1-.5-.5V8H0v2a2 2 0 0 0 2 2h2v-1.5ZM8 12v-1.5h2a.5.5 0 0 0 .5-.5V8H12v2a2 2 0 0 1-2 2H8Zm2-12a2 2 0 0 1 2 2v2h-1.5V2a.5.5 0 0 0-.5-.5H8V0h2Z\" \/>\n\t\t\t<\/svg>\n\t\t<\/button><\/figure>\n<\/figure>\n\n\n\n<div style=\"height:31px\" aria-hidden=\"true\" class=\"wp-block-spacer\"><\/div>\n\n\n\n<div class=\"wp-block-buttons is-content-justification-center is-layout-flex wp-container-core-buttons-is-layout-16018d1d wp-block-buttons-is-layout-flex\">\n<div class=\"wp-block-button is-style-default\"><a class=\"wp-block-button__link wp-element-button\" href=\"http:\/\/wa.link\/9o65y9\">cotiza tu proyecto<\/a><\/div>\n<\/div>\n<\/div><\/div>\n\n\n\n<div style=\"height:50px\" aria-hidden=\"true\" class=\"wp-block-spacer\"><\/div>\n\n\n\n<div class=\"wp-block-group alignfull has-background-color\" style=\"margin-top:0;margin-bottom:0;padding-top:var(--wp--preset--spacing--40);padding-right:var(--wp--preset--spacing--30);padding-bottom:var(--wp--preset--spacing--40);padding-left:var(--wp--preset--spacing--30)\"><div class=\"wp-block-group__inner-container is-layout-constrained wp-container-core-group-is-layout-91a691eb wp-block-group-is-layout-constrained\"><\/div><\/div>\n\n\n\n<div class=\"wp-block-group alignfull has-contrast-color has-text-color is-vertical is-content-justification-center is-layout-flex wp-container-core-group-is-layout-f1198d31 wp-block-group-is-layout-flex\" style=\"min-height:40vh;margin-top:0;margin-bottom:0;padding-top:var(--wp--preset--spacing--60);padding-right:var(--wp--preset--spacing--50);padding-bottom:var(--wp--preset--spacing--60);padding-left:var(--wp--preset--spacing--50)\"><div style=\"margin-bottom:6px;\" class=\"is-default-size aligncenter wp-block-site-logo\"><a href=\"https:\/\/pantallasled5g.com\/\" class=\"custom-logo-link\" rel=\"home\"><img loading=\"lazy\" decoding=\"async\" width=\"512\" height=\"512\" src=\"https:\/\/pantallasled5g.com\/wp-content\/uploads\/2025\/07\/cropped-LOGO-PAGINA-1.png\" class=\"custom-logo\" alt=\"Panalasled5G\" srcset=\"https:\/\/pantallasled5g.com\/wp-content\/uploads\/2025\/07\/cropped-LOGO-PAGINA-1.png 512w, https:\/\/pantallasled5g.com\/wp-content\/uploads\/2025\/07\/cropped-LOGO-PAGINA-1-300x300.png 300w, https:\/\/pantallasled5g.com\/wp-content\/uploads\/2025\/07\/cropped-LOGO-PAGINA-1-150x150.png 150w, https:\/\/pantallasled5g.com\/wp-content\/uploads\/2025\/07\/cropped-LOGO-PAGINA-1-270x270.png 270w, https:\/\/pantallasled5g.com\/wp-content\/uploads\/2025\/07\/cropped-LOGO-PAGINA-1-192x192.png 192w, https:\/\/pantallasled5g.com\/wp-content\/uploads\/2025\/07\/cropped-LOGO-PAGINA-1-180x180.png 180w, https:\/\/pantallasled5g.com\/wp-content\/uploads\/2025\/07\/cropped-LOGO-PAGINA-1-32x32.png 32w\" sizes=\"auto, (max-width: 512px) 100vw, 512px\" \/><\/a><\/div>\n\n\n<p class=\"has-text-align-center has-medium-font-size\"><\/p>\n<\/div>\n\n\n\n<p><\/p>\n","protected":false},"excerpt":{"rendered":"<p>Arca continental | Caso de \u00e9xito Destacamos nuestro trabajo con&nbsp;Arca Continental, una de las embotelladoras m\u00e1s grandes de Coca\u2011Cola en Latinoam\u00e9rica. Descubre c\u00f3mo dise\u00f1amos e instalamos pantallas LED 5G de alto impacto en puntos estrat\u00e9gicos para potenciar su presencia de marca. Innovaci\u00f3n tecnol\u00f3gica, visibilidad y resultados efectivos en entornos comerciales. \u00bfPor qu\u00e9 funciona esta propuesta?&hellip;&nbsp;<\/p>\n","protected":false},"author":1,"featured_media":0,"parent":0,"menu_order":0,"comment_status":"closed","ping_status":"closed","template":"","meta":{"neve_meta_sidebar":"","neve_meta_container":"","neve_meta_enable_content_width":"","neve_meta_content_width":0,"neve_meta_title_alignment":"","neve_meta_author_avatar":"","neve_post_elements_order":"","neve_meta_disable_header":"","neve_meta_disable_footer":"","neve_meta_disable_title":"","neve_meta_reading_time":"","_joinchat":[],"footnotes":""},"class_list":["post-248","page","type-page","status-publish","hentry"],"_links":{"self":[{"href":"https:\/\/pantallasled5g.com\/index.php\/wp-json\/wp\/v2\/pages\/248","targetHints":{"allow":["GET"]}}],"collection":[{"href":"https:\/\/pantallasled5g.com\/index.php\/wp-json\/wp\/v2\/pages"}],"about":[{"href":"https:\/\/pantallasled5g.com\/index.php\/wp-json\/wp\/v2\/types\/page"}],"author":[{"embeddable":true,"href":"https:\/\/pantallasled5g.com\/index.php\/wp-json\/wp\/v2\/users\/1"}],"replies":[{"embeddable":true,"href":"https:\/\/pantallasled5g.com\/index.php\/wp-json\/wp\/v2\/comments?post=248"}],"version-history":[{"count":14,"href":"https:\/\/pantallasled5g.com\/index.php\/wp-json\/wp\/v2\/pages\/248\/revisions"}],"predecessor-version":[{"id":423,"href":"https:\/\/pantallasled5g.com\/index.php\/wp-json\/wp\/v2\/pages\/248\/revisions\/423"}],"wp:attachment":[{"href":"https:\/\/pantallasled5g.com\/index.php\/wp-json\/wp\/v2\/media?parent=248"}],"curies":[{"name":"wp","href":"https:\/\/api.w.org\/{rel}","templated":true}]}}