{"id":15,"date":"2025-07-11T23:17:00","date_gmt":"2025-07-11T23:17:00","guid":{"rendered":"https:\/\/pantallasled5g.com\/?page_id=15"},"modified":"2025-08-29T20:22:46","modified_gmt":"2025-08-29T20:22:46","slug":"inicio","status":"publish","type":"page","link":"https:\/\/pantallasled5g.com\/","title":{"rendered":"Inicio"},"content":{"rendered":"\n<div class=\"wp-block-cover alignfull is-light\" style=\"min-height:606px;aspect-ratio:unset;\"><video class=\"wp-block-cover__video-background intrinsic-ignore\" autoplay muted loop playsinline src=\"https:\/\/pantallasled5g.com\/wp-content\/uploads\/2025\/07\/showroom.mp4\" data-object-fit=\"cover\"><\/video><span aria-hidden=\"true\" class=\"wp-block-cover__background has-background-dim-0 has-background-dim\"><\/span><div class=\"wp-block-cover__inner-container is-layout-flow wp-block-cover-is-layout-flow\">\n<div class=\"wp-block-columns are-vertically-aligned-center is-layout-flex wp-container-core-columns-is-layout-9d6595d7 wp-block-columns-is-layout-flex\">\n<div class=\"wp-block-column is-vertically-aligned-center is-layout-flow wp-block-column-is-layout-flow\" style=\"padding-right:var(--wp--preset--spacing--20);padding-left:var(--wp--preset--spacing--20);flex-basis:65%\">\n<h1 class=\"wp-block-heading has-text-align-left has-nv-text-dark-bg-color has-text-color\" style=\"font-size:56px\"><br><\/h1>\n\n\n\n<p class=\"has-text-align-left has-nv-text-dark-bg-color has-text-color\" style=\"font-size:17px\"><\/p>\n<\/div>\n\n\n\n<div class=\"wp-block-column is-vertically-aligned-center is-layout-flow wp-block-column-is-layout-flow\"><\/div>\n<\/div>\n<\/div><\/div>\n\n\n\n<div style=\"height:33px\" aria-hidden=\"true\" class=\"wp-block-spacer\"><\/div>\n\n\n\n<div class=\"wp-block-group alignwide is-vertical is-content-justification-center is-layout-flex wp-container-core-group-is-layout-4b2eccd6 wp-block-group-is-layout-flex\">\n<h2 class=\"wp-block-heading\">Casos de \u00e9xito<\/h2>\n<\/div>\n\n\n\n<div class=\"wp-block-group is-content-justification-center is-nowrap is-layout-flex wp-container-core-group-is-layout-94bc23d7 wp-block-group-is-layout-flex\">\n<figure class=\"wp-block-image size-full is-resized\"><a href=\"https:\/\/pantallasled5g.com\/index.php\/arca-continental\/\"><img loading=\"lazy\" decoding=\"async\" width=\"1024\" height=\"322\" src=\"https:\/\/pantallasled5g.com\/wp-content\/uploads\/2025\/07\/logo-cocacola.png\" alt=\"\" class=\"wp-image-108\" style=\"width:162px;height:auto\" srcset=\"https:\/\/pantallasled5g.com\/wp-content\/uploads\/2025\/07\/logo-cocacola.png 1024w, https:\/\/pantallasled5g.com\/wp-content\/uploads\/2025\/07\/logo-cocacola-300x94.png 300w, https:\/\/pantallasled5g.com\/wp-content\/uploads\/2025\/07\/logo-cocacola-768x242.png 768w\" sizes=\"auto, (max-width: 1024px) 100vw, 1024px\" \/><\/a><\/figure>\n\n\n\n<div style=\"height:100px;width:10px\" aria-hidden=\"true\" class=\"wp-block-spacer wp-container-content-728072c3\"><\/div>\n\n\n\n<figure class=\"wp-block-image size-full is-resized\"><a href=\"https:\/\/pantallasled5g.com\/index.php\/arca-continental\/\"><img loading=\"lazy\" decoding=\"async\" width=\"1024\" height=\"432\" src=\"https:\/\/pantallasled5g.com\/wp-content\/uploads\/2025\/08\/arca.png\" alt=\"\" class=\"wp-image-260\" style=\"width:124px;height:auto\" srcset=\"https:\/\/pantallasled5g.com\/wp-content\/uploads\/2025\/08\/arca.png 1024w, https:\/\/pantallasled5g.com\/wp-content\/uploads\/2025\/08\/arca-300x127.png 300w, https:\/\/pantallasled5g.com\/wp-content\/uploads\/2025\/08\/arca-768x324.png 768w\" sizes=\"auto, (max-width: 1024px) 100vw, 1024px\" \/><\/a><\/figure>\n\n\n\n<div style=\"height:100px;width:10px\" aria-hidden=\"true\" class=\"wp-block-spacer wp-container-content-728072c3\"><\/div>\n\n\n\n<figure class=\"wp-block-image size-large is-resized\"><a href=\"https:\/\/pantallasled5g.com\/index.php\/modelorama\/\"><img loading=\"lazy\" decoding=\"async\" width=\"1024\" height=\"216\" src=\"https:\/\/pantallasled5g.com\/wp-content\/uploads\/2025\/07\/Modelorama-Logo-Vector-Logo-Vector.svg--1024x216.png\" alt=\"\" class=\"wp-image-109\" style=\"width:246px;height:auto\" srcset=\"https:\/\/pantallasled5g.com\/wp-content\/uploads\/2025\/07\/Modelorama-Logo-Vector-Logo-Vector.svg--1024x216.png 1024w, https:\/\/pantallasled5g.com\/wp-content\/uploads\/2025\/07\/Modelorama-Logo-Vector-Logo-Vector.svg--300x63.png 300w, https:\/\/pantallasled5g.com\/wp-content\/uploads\/2025\/07\/Modelorama-Logo-Vector-Logo-Vector.svg--768x162.png 768w, https:\/\/pantallasled5g.com\/wp-content\/uploads\/2025\/07\/Modelorama-Logo-Vector-Logo-Vector.svg--1536x324.png 1536w, https:\/\/pantallasled5g.com\/wp-content\/uploads\/2025\/07\/Modelorama-Logo-Vector-Logo-Vector.svg-.png 1842w\" sizes=\"auto, (max-width: 1024px) 100vw, 1024px\" \/><\/a><\/figure>\n\n\n\n<div style=\"height:100px;width:10px\" aria-hidden=\"true\" class=\"wp-block-spacer wp-container-content-728072c3\"><\/div>\n\n\n\n<figure class=\"wp-block-image size-full is-resized\"><a href=\"https:\/\/pantallasled5g.com\/index.php\/bimbo\/\"><img loading=\"lazy\" decoding=\"async\" width=\"500\" height=\"250\" src=\"https:\/\/pantallasled5g.com\/wp-content\/uploads\/2025\/07\/bimbo.png\" alt=\"\" class=\"wp-image-112\" style=\"width:131px;height:auto\" srcset=\"https:\/\/pantallasled5g.com\/wp-content\/uploads\/2025\/07\/bimbo.png 500w, https:\/\/pantallasled5g.com\/wp-content\/uploads\/2025\/07\/bimbo-300x150.png 300w\" sizes=\"auto, (max-width: 500px) 100vw, 500px\" \/><\/a><\/figure>\n\n\n\n<div style=\"height:100px;width:10px\" aria-hidden=\"true\" class=\"wp-block-spacer wp-container-content-728072c3\"><\/div>\n\n\n\n<figure class=\"wp-block-image size-full is-resized\"><a href=\"https:\/\/pantallasled5g.com\/index.php\/redpetroil\/\"><img loading=\"lazy\" decoding=\"async\" width=\"264\" height=\"71\" src=\"https:\/\/pantallasled5g.com\/wp-content\/uploads\/2025\/07\/red-petrol.webp\" alt=\"\" class=\"wp-image-227\" style=\"width:209px;height:auto\"\/><\/a><\/figure>\n<\/div>\n\n\n\n<div style=\"height:17px\" aria-hidden=\"true\" class=\"wp-block-spacer\"><\/div>\n\n\n\n<div class=\"wp-block-group is-content-justification-center is-nowrap is-layout-flex wp-container-core-group-is-layout-94bc23d7 wp-block-group-is-layout-flex\">\n<figure class=\"wp-block-image size-full is-resized\"><img loading=\"lazy\" decoding=\"async\" width=\"480\" height=\"175\" src=\"https:\/\/pantallasled5g.com\/wp-content\/uploads\/2025\/07\/6093b20af00f260004e3f131.png\" alt=\"\" class=\"wp-image-230\" style=\"width:122px;height:auto\" srcset=\"https:\/\/pantallasled5g.com\/wp-content\/uploads\/2025\/07\/6093b20af00f260004e3f131.png 480w, https:\/\/pantallasled5g.com\/wp-content\/uploads\/2025\/07\/6093b20af00f260004e3f131-300x109.png 300w\" sizes=\"auto, (max-width: 480px) 100vw, 480px\" \/><\/figure>\n\n\n\n<div style=\"height:100px;width:10px\" aria-hidden=\"true\" class=\"wp-block-spacer wp-container-content-728072c3\"><\/div>\n\n\n\n<figure class=\"wp-block-image size-full is-resized\"><a href=\"https:\/\/pantallasled5g.com\/index.php\/soriana\/\"><img loading=\"lazy\" decoding=\"async\" width=\"450\" height=\"120\" src=\"https:\/\/pantallasled5g.com\/wp-content\/uploads\/2025\/08\/logo-sorian1.png\" alt=\"\" class=\"wp-image-411\" style=\"width:198px;height:auto\" srcset=\"https:\/\/pantallasled5g.com\/wp-content\/uploads\/2025\/08\/logo-sorian1.png 450w, https:\/\/pantallasled5g.com\/wp-content\/uploads\/2025\/08\/logo-sorian1-300x80.png 300w\" sizes=\"auto, (max-width: 450px) 100vw, 450px\" \/><\/a><\/figure>\n\n\n\n<div style=\"height:100px;width:10px\" aria-hidden=\"true\" class=\"wp-block-spacer wp-container-content-728072c3\"><\/div>\n\n\n\n<figure class=\"wp-block-image size-full is-resized\"><a href=\"https:\/\/pantallasled5g.com\/index.php\/panama-restaurantes-y-pasteleria\/\"><img loading=\"lazy\" decoding=\"async\" width=\"412\" height=\"173\" src=\"https:\/\/pantallasled5g.com\/wp-content\/uploads\/2025\/07\/logo-BsOxhGeQ.webp\" alt=\"\" class=\"wp-image-235\" style=\"width:166px;height:auto\" srcset=\"https:\/\/pantallasled5g.com\/wp-content\/uploads\/2025\/07\/logo-BsOxhGeQ.webp 412w, https:\/\/pantallasled5g.com\/wp-content\/uploads\/2025\/07\/logo-BsOxhGeQ-300x126.webp 300w\" sizes=\"auto, (max-width: 412px) 100vw, 412px\" \/><\/a><\/figure>\n\n\n\n<div style=\"height:100px;width:10px\" aria-hidden=\"true\" class=\"wp-block-spacer wp-container-content-728072c3\"><\/div>\n\n\n\n<figure class=\"wp-block-image size-full is-resized\"><a href=\"https:\/\/pantallasled5g.com\/index.php\/liverpool\/\"><img loading=\"lazy\" decoding=\"async\" width=\"600\" height=\"150\" src=\"https:\/\/pantallasled5g.com\/wp-content\/uploads\/2025\/07\/logo-liv.png\" alt=\"\" class=\"wp-image-225\" style=\"width:209px;height:auto\" srcset=\"https:\/\/pantallasled5g.com\/wp-content\/uploads\/2025\/07\/logo-liv.png 600w, https:\/\/pantallasled5g.com\/wp-content\/uploads\/2025\/07\/logo-liv-300x75.png 300w\" sizes=\"auto, (max-width: 600px) 100vw, 600px\" \/><\/a><\/figure>\n\n\n\n<div style=\"height:100px;width:10px\" aria-hidden=\"true\" class=\"wp-block-spacer wp-container-content-728072c3\"><\/div>\n\n\n\n<figure class=\"wp-block-image size-large is-resized\"><a href=\"https:\/\/pantallasled5g.com\/index.php\/casa-ley\/\"><img loading=\"lazy\" decoding=\"async\" width=\"1024\" height=\"727\" src=\"https:\/\/pantallasled5g.com\/wp-content\/uploads\/2025\/07\/klipartz.com_-1024x727.png\" alt=\"\" class=\"wp-image-111\" style=\"width:153px;height:auto\" srcset=\"https:\/\/pantallasled5g.com\/wp-content\/uploads\/2025\/07\/klipartz.com_-1024x727.png 1024w, https:\/\/pantallasled5g.com\/wp-content\/uploads\/2025\/07\/klipartz.com_-300x213.png 300w, https:\/\/pantallasled5g.com\/wp-content\/uploads\/2025\/07\/klipartz.com_-768x545.png 768w, https:\/\/pantallasled5g.com\/wp-content\/uploads\/2025\/07\/klipartz.com_-1536x1091.png 1536w, https:\/\/pantallasled5g.com\/wp-content\/uploads\/2025\/07\/klipartz.com_.png 1600w\" sizes=\"auto, (max-width: 1024px) 100vw, 1024px\" \/><\/a><\/figure>\n<\/div>\n\n\n\n<div style=\"height:17px\" aria-hidden=\"true\" class=\"wp-block-spacer\"><\/div>\n\n\n\n<div class=\"wp-block-group is-content-justification-center is-nowrap is-layout-flex wp-container-core-group-is-layout-94bc23d7 wp-block-group-is-layout-flex\">\n<figure class=\"wp-block-image size-full is-resized\"><img loading=\"lazy\" decoding=\"async\" width=\"1081\" height=\"468\" src=\"https:\/\/pantallasled5g.com\/wp-content\/uploads\/2025\/08\/LAMP_Logotipo_Fondo_Blanco.png\" alt=\"\" class=\"wp-image-401\" style=\"width:166px;height:auto\" srcset=\"https:\/\/pantallasled5g.com\/wp-content\/uploads\/2025\/08\/LAMP_Logotipo_Fondo_Blanco.png 1081w, https:\/\/pantallasled5g.com\/wp-content\/uploads\/2025\/08\/LAMP_Logotipo_Fondo_Blanco-300x130.png 300w, https:\/\/pantallasled5g.com\/wp-content\/uploads\/2025\/08\/LAMP_Logotipo_Fondo_Blanco-1024x443.png 1024w, https:\/\/pantallasled5g.com\/wp-content\/uploads\/2025\/08\/LAMP_Logotipo_Fondo_Blanco-768x332.png 768w\" sizes=\"auto, (max-width: 1081px) 100vw, 1081px\" \/><\/figure>\n\n\n\n<div style=\"height:100px;width:10px\" aria-hidden=\"true\" class=\"wp-block-spacer wp-container-content-728072c3\"><\/div>\n\n\n\n<figure class=\"wp-block-image size-full is-resized\"><a href=\"https:\/\/youtu.be\/ygEoDOBqtTU?si=wflDIboYubmRFQyz\"><img loading=\"lazy\" decoding=\"async\" width=\"500\" height=\"500\" src=\"https:\/\/pantallasled5g.com\/wp-content\/uploads\/2025\/08\/logo-serie-del-caribe.png\" alt=\"\" class=\"wp-image-402\" style=\"width:120px;height:auto\" srcset=\"https:\/\/pantallasled5g.com\/wp-content\/uploads\/2025\/08\/logo-serie-del-caribe.png 500w, https:\/\/pantallasled5g.com\/wp-content\/uploads\/2025\/08\/logo-serie-del-caribe-300x300.png 300w, https:\/\/pantallasled5g.com\/wp-content\/uploads\/2025\/08\/logo-serie-del-caribe-150x150.png 150w\" sizes=\"auto, (max-width: 500px) 100vw, 500px\" \/><\/a><\/figure>\n\n\n\n<div style=\"height:100px;width:10px\" aria-hidden=\"true\" class=\"wp-block-spacer wp-container-content-728072c3\"><\/div>\n\n\n\n<figure class=\"wp-block-image size-full is-resized\"><img loading=\"lazy\" decoding=\"async\" width=\"500\" height=\"500\" src=\"https:\/\/pantallasled5g.com\/wp-content\/uploads\/2025\/08\/liga-mexicana-de-beis.png\" alt=\"\" class=\"wp-image-409\" style=\"width:119px;height:auto\" srcset=\"https:\/\/pantallasled5g.com\/wp-content\/uploads\/2025\/08\/liga-mexicana-de-beis.png 500w, https:\/\/pantallasled5g.com\/wp-content\/uploads\/2025\/08\/liga-mexicana-de-beis-300x300.png 300w, https:\/\/pantallasled5g.com\/wp-content\/uploads\/2025\/08\/liga-mexicana-de-beis-150x150.png 150w\" sizes=\"auto, (max-width: 500px) 100vw, 500px\" \/><\/figure>\n\n\n\n<div style=\"height:100px;width:10px\" aria-hidden=\"true\" class=\"wp-block-spacer wp-container-content-728072c3\"><\/div>\n\n\n\n<figure class=\"wp-block-image size-full is-resized\"><a href=\"https:\/\/youtu.be\/SWgXZt_lJzw?si=5JagwPRC4x5jxWMe\"><img loading=\"lazy\" decoding=\"async\" width=\"467\" height=\"436\" src=\"https:\/\/pantallasled5g.com\/wp-content\/uploads\/2025\/08\/logo-pumas.png\" alt=\"\" class=\"wp-image-407\" style=\"width:114px;height:auto\" srcset=\"https:\/\/pantallasled5g.com\/wp-content\/uploads\/2025\/08\/logo-pumas.png 467w, https:\/\/pantallasled5g.com\/wp-content\/uploads\/2025\/08\/logo-pumas-300x280.png 300w\" sizes=\"auto, (max-width: 467px) 100vw, 467px\" \/><\/a><\/figure>\n\n\n\n<div style=\"height:100px;width:10px\" aria-hidden=\"true\" class=\"wp-block-spacer wp-container-content-728072c3\"><\/div>\n\n\n\n<figure class=\"wp-block-image size-large is-resized\"><img loading=\"lazy\" decoding=\"async\" width=\"1024\" height=\"1024\" src=\"https:\/\/pantallasled5g.com\/wp-content\/uploads\/2025\/08\/logo-mazaltan-fc-1024x1024.png\" alt=\"\" class=\"wp-image-404\" style=\"width:107px;height:auto\" srcset=\"https:\/\/pantallasled5g.com\/wp-content\/uploads\/2025\/08\/logo-mazaltan-fc-1024x1024.png 1024w, https:\/\/pantallasled5g.com\/wp-content\/uploads\/2025\/08\/logo-mazaltan-fc-300x300.png 300w, https:\/\/pantallasled5g.com\/wp-content\/uploads\/2025\/08\/logo-mazaltan-fc-150x150.png 150w, https:\/\/pantallasled5g.com\/wp-content\/uploads\/2025\/08\/logo-mazaltan-fc-768x768.png 768w, https:\/\/pantallasled5g.com\/wp-content\/uploads\/2025\/08\/logo-mazaltan-fc.png 1280w\" sizes=\"auto, (max-width: 1024px) 100vw, 1024px\" \/><\/figure>\n\n\n\n<div style=\"height:100px;width:10px\" aria-hidden=\"true\" class=\"wp-block-spacer wp-container-content-728072c3\"><\/div>\n\n\n\n<figure class=\"wp-block-image size-full is-resized\"><img loading=\"lazy\" decoding=\"async\" width=\"347\" height=\"287\" src=\"https:\/\/pantallasled5g.com\/wp-content\/uploads\/2025\/08\/caballeros-de-culiacan.png\" alt=\"\" class=\"wp-image-405\" style=\"width:141px;height:auto\" srcset=\"https:\/\/pantallasled5g.com\/wp-content\/uploads\/2025\/08\/caballeros-de-culiacan.png 347w, https:\/\/pantallasled5g.com\/wp-content\/uploads\/2025\/08\/caballeros-de-culiacan-300x248.png 300w\" sizes=\"auto, (max-width: 347px) 100vw, 347px\" \/><\/figure>\n<\/div>\n\n\n\n<div class=\"wp-block-cover alignfull\" style=\"min-height:949px;aspect-ratio:unset;\"><span aria-hidden=\"true\" class=\"wp-block-cover__background has-nv-dark-bg-background-color has-background-dim-80 has-background-dim\"><\/span><div class=\"wp-block-cover__inner-container is-layout-flow wp-block-cover-is-layout-flow\">\n<div class=\"wp-block-group\"><div class=\"wp-block-group__inner-container is-layout-flow wp-block-group-is-layout-flow\">\n<div class=\"wp-block-columns is-layout-flex wp-container-core-columns-is-layout-9d6595d7 wp-block-columns-is-layout-flex\">\n<div class=\"wp-block-column is-layout-flow wp-block-column-is-layout-flow\" style=\"padding-right:0;padding-left:0;flex-basis:20%\">\n<div class=\"wp-block-group is-vertical is-content-justification-center is-layout-flex wp-container-core-group-is-layout-4b2eccd6 wp-block-group-is-layout-flex\"><\/div>\n<\/div>\n\n\n\n<div class=\"wp-block-column is-layout-flow wp-block-column-is-layout-flow\" style=\"flex-basis:60%\">\n<div class=\"wp-block-group is-vertical is-content-justification-center is-layout-flex wp-container-core-group-is-layout-4b2eccd6 wp-block-group-is-layout-flex\">\n<p><\/p>\n\n\n\n<h2 class=\"wp-block-heading has-text-align-center has-neve-text-color-color has-text-color has-link-color wp-elements-40a8be5df1702aa1a59eab2109a68349\">Pr\u00f3ximos Proyectos<\/h2>\n\n\n\n<p class=\"has-text-align-center has-neve-text-color-color has-text-color has-link-color wp-elements-196f4ea4735aac49a3a4e0a54470ffbf\">Museo Inmersivo 5G<\/p>\n\n\n\n<div style=\"height:0px\" aria-hidden=\"true\" class=\"wp-block-spacer wp-container-content-541a6b20\"><\/div>\n<\/div>\n<\/div>\n\n\n\n<div class=\"wp-block-column is-layout-flow wp-block-column-is-layout-flow\" style=\"flex-basis:20%\">\n<div class=\"wp-block-group is-vertical is-content-justification-center is-layout-flex wp-container-core-group-is-layout-4b2eccd6 wp-block-group-is-layout-flex\"><\/div>\n<\/div>\n<\/div>\n<\/div><\/div>\n\n\n\n<figure class=\"wp-block-video\"><video height=\"1080\" style=\"aspect-ratio: 1920 \/ 1080;\" width=\"1920\" autoplay controls loop muted src=\"https:\/\/pantallasled5g.com\/wp-content\/uploads\/2025\/07\/loop2-1.mp4\" playsinline><\/video><\/figure>\n<\/div><\/div>\n\n\n\n<div style=\"height:36px\" aria-hidden=\"true\" class=\"wp-block-spacer\"><\/div>\n\n\n\n<div class=\"wp-block-columns is-layout-flex wp-container-core-columns-is-layout-9d6595d7 wp-block-columns-is-layout-flex\">\n<div class=\"wp-block-column neve-duotone is-layout-flow wp-block-column-is-layout-flow\" style=\"padding-right:var(--wp--preset--spacing--30);padding-left:var(--wp--preset--spacing--30)\"><div class=\"wp-block-image icon-style is-style-default wp-duotone-unset-1\">\n<figure class=\"aligncenter size-full is-resized has-custom-border\"><img loading=\"lazy\" decoding=\"async\" width=\"100\" height=\"100\" src=\"https:\/\/pantallasled5g.com\/wp-content\/uploads\/2025\/07\/ng2.png\" alt=\"\" class=\"wp-image-174\" style=\"border-radius:0px;width:66px;height:auto\" title=\"\"\/><\/figure>\n<\/div>\n\n\n<div style=\"height:16px\" aria-hidden=\"true\" class=\"wp-block-spacer\"><\/div>\n\n\n\n<h3 class=\"wp-block-heading has-text-align-center has-neve-text-color-color has-text-color\">Negocio<\/h3>\n\n\n\n<p class=\"has-text-align-center\">Ofrecemos soluciones integrales que apoyan el crecimiento y la consolidaci\u00f3n de tu negocio, alineando tecnolog\u00eda y estrategia para maximizar oportunidades en mercados competitivos.<\/p>\n\n\n\n<div style=\"height:20px\" aria-hidden=\"true\" class=\"wp-block-spacer\"><\/div>\n<\/div>\n\n\n\n<div class=\"wp-block-column is-layout-flow wp-block-column-is-layout-flow\" style=\"padding-right:var(--wp--preset--spacing--30);padding-left:var(--wp--preset--spacing--30)\"><div class=\"wp-block-image icon-style is-style-default wp-duotone-unset-2\">\n<figure class=\"aligncenter size-full is-resized has-custom-border\"><img loading=\"lazy\" decoding=\"async\" width=\"100\" height=\"100\" src=\"https:\/\/pantallasled5g.com\/wp-content\/uploads\/2025\/07\/sr1.png\" alt=\"\" class=\"wp-image-173\" style=\"border-radius:0px;width:68px;height:auto\" title=\"\"\/><\/figure>\n<\/div>\n\n\n<div style=\"height:16px\" aria-hidden=\"true\" class=\"wp-block-spacer\"><\/div>\n\n\n\n<h3 class=\"wp-block-heading has-text-align-center has-neve-text-color-color has-text-color\">Servicios<\/h3>\n\n\n\n<p class=\"has-text-align-center\">Ofreciendo servicios de Instalaci\u00f3n, mantenimiento, manejo de contenidos a distancia en tiempo real a travez de nuestra nube.<\/p>\n\n\n\n<div style=\"height:20px\" aria-hidden=\"true\" class=\"wp-block-spacer\"><\/div>\n<\/div>\n\n\n\n<div class=\"wp-block-column is-layout-flow wp-block-column-is-layout-flow\" style=\"padding-right:var(--wp--preset--spacing--30);padding-left:var(--wp--preset--spacing--30)\"><div class=\"wp-block-image icon-style is-style-default wp-duotone-unset-3\">\n<figure class=\"aligncenter size-full is-resized has-custom-border\"><img loading=\"lazy\" decoding=\"async\" width=\"100\" height=\"100\" src=\"https:\/\/pantallasled5g.com\/wp-content\/uploads\/2025\/07\/ng-1.png\" alt=\"\" class=\"wp-image-172\" style=\"border-radius:0px;width:68px;height:auto\" title=\"\"\/><\/figure>\n<\/div>\n\n\n<div style=\"height:16px\" aria-hidden=\"true\" class=\"wp-block-spacer\"><\/div>\n\n\n\n<h3 class=\"wp-block-heading has-text-align-center has-neve-text-color-color has-text-color\">Casos de \u00e9xito<\/h3>\n\n\n\n<p class=\"has-text-align-center\">Presentamos una selecci\u00f3n cuidada de proyectos exitosos que reflejan nuestra experiencia, calidad y compromiso en cada soluci\u00f3n entregada a nuestros clientes.<\/p>\n\n\n\n<div style=\"height:20px\" aria-hidden=\"true\" class=\"wp-block-spacer\"><\/div>\n<\/div>\n<\/div>\n\n\n\n<div style=\"height:26px\" aria-hidden=\"true\" class=\"wp-block-spacer\"><\/div>\n\n\n\n<div class=\"wp-block-columns is-layout-flex wp-container-core-columns-is-layout-9d6595d7 wp-block-columns-is-layout-flex\">\n<div class=\"wp-block-column is-layout-flow wp-block-column-is-layout-flow\" style=\"flex-basis:100%\">\n<div class=\"wp-block-cover alignfull has-parallax wp-duotone-unset-4\" style=\"min-height:300px;aspect-ratio:unset;\"><div class=\"wp-block-cover__image-background wp-image-177 size-full has-parallax\" style=\"background-position:50% 50%;background-image:url(https:\/\/pantallasled5g.com\/wp-content\/uploads\/2025\/07\/32429D3D-7E28-473C-A5FB-C9F383E80668_1_105_c.jpeg)\"><\/div><span aria-hidden=\"true\" class=\"wp-block-cover__background has-neve-link-color-background-color has-background-dim-70 has-background-dim\"><\/span><div class=\"wp-block-cover__inner-container is-layout-flow wp-block-cover-is-layout-flow\">\n<div class=\"wp-block-columns is-layout-flex wp-container-core-columns-is-layout-9d6595d7 wp-block-columns-is-layout-flex\">\n<div class=\"wp-block-column is-layout-flow wp-block-column-is-layout-flow\" style=\"flex-basis:20%\"><\/div>\n\n\n\n<div class=\"wp-block-column is-layout-flow wp-block-column-is-layout-flow\" style=\"flex-basis:60%\">\n<div class=\"wp-block-group\"><div class=\"wp-block-group__inner-container is-layout-constrained wp-block-group-is-layout-constrained\">\n<p><\/p>\n\n\n\n<h2 class=\"wp-block-heading has-text-align-center has-nv-dark-bg-color has-text-color has-large-font-size\">Trabajemos juntos en tu pr\u00f3ximo proyecto<\/h2>\n\n\n\n<p class=\"has-text-align-center has-nv-dark-bg-color has-text-color has-link-color has-medium-font-size wp-elements-9ae75d083666693e9655ab848bbeab14\">Estamos listos para colaborar contigo y transformar tus ideas en campa\u00f1as efectivas y memorables. Con nuestra experiencia en tecnolog\u00eda visual y soluciones personalizadas, llevamos tu mensaje al siguiente nivel, garantizando resultados que impactan&nbsp;<\/p>\n\n\n\n<div class=\"wp-block-buttons is-horizontal is-content-justification-center is-layout-flex wp-container-core-buttons-is-layout-499968f5 wp-block-buttons-is-layout-flex\">\n<div class=\"wp-block-button is-style-primary\"><a class=\"wp-block-button__link has-neve-link-color-color has-text-color has-background has-link-color wp-element-button\" href=\"https:\/\/pantallasled5g.com\/contact\/\" style=\"background-color:#ffffff\">Empecemos<\/a><\/div>\n<\/div>\n<\/div><\/div>\n<\/div>\n\n\n\n<div class=\"wp-block-column is-layout-flow wp-block-column-is-layout-flow\" style=\"flex-basis:20%\"><\/div>\n<\/div>\n<\/div><\/div>\n<\/div>\n<\/div>\n","protected":false},"excerpt":{"rendered":"<p>Casos de \u00e9xito Negocio Ofrecemos soluciones integrales que apoyan el crecimiento y la consolidaci\u00f3n de tu negocio, alineando tecnolog\u00eda y estrategia para maximizar oportunidades en mercados competitivos. Servicios Ofreciendo servicios de Instalaci\u00f3n, mantenimiento, manejo de contenidos a distancia en tiempo real a travez de nuestra nube. Casos de \u00e9xito Presentamos una selecci\u00f3n cuidada de proyectos&hellip;&nbsp;<\/p>\n","protected":false},"author":1,"featured_media":0,"parent":0,"menu_order":0,"comment_status":"closed","ping_status":"closed","template":"","meta":{"neve_meta_sidebar":"","neve_meta_container":"default","neve_meta_enable_content_width":"on","neve_meta_content_width":100,"neve_meta_title_alignment":"center","neve_meta_author_avatar":"","neve_post_elements_order":"","neve_meta_disable_header":"","neve_meta_disable_footer":"","neve_meta_disable_title":"on","neve_meta_reading_time":"","_joinchat":[],"footnotes":""},"class_list":["post-15","page","type-page","status-publish","hentry"],"_links":{"self":[{"href":"https:\/\/pantallasled5g.com\/index.php\/wp-json\/wp\/v2\/pages\/15","targetHints":{"allow":["GET"]}}],"collection":[{"href":"https:\/\/pantallasled5g.com\/index.php\/wp-json\/wp\/v2\/pages"}],"about":[{"href":"https:\/\/pantallasled5g.com\/index.php\/wp-json\/wp\/v2\/types\/page"}],"author":[{"embeddable":true,"href":"https:\/\/pantallasled5g.com\/index.php\/wp-json\/wp\/v2\/users\/1"}],"replies":[{"embeddable":true,"href":"https:\/\/pantallasled5g.com\/index.php\/wp-json\/wp\/v2\/comments?post=15"}],"version-history":[{"count":61,"href":"https:\/\/pantallasled5g.com\/index.php\/wp-json\/wp\/v2\/pages\/15\/revisions"}],"predecessor-version":[{"id":680,"href":"https:\/\/pantallasled5g.com\/index.php\/wp-json\/wp\/v2\/pages\/15\/revisions\/680"}],"wp:attachment":[{"href":"https:\/\/pantallasled5g.com\/index.php\/wp-json\/wp\/v2\/media?parent=15"}],"curies":[{"name":"wp","href":"https:\/\/api.w.org\/{rel}","templated":true}]}}